{"id":9937,"date":"2025-08-29T13:03:27","date_gmt":"2025-08-29T13:03:27","guid":{"rendered":"https:\/\/kindofhealth.com\/?page_id=9937"},"modified":"2025-08-29T14:30:52","modified_gmt":"2025-08-29T14:30:52","slug":"9937-2","status":"publish","type":"page","link":"https:\/\/kindofhealth.com\/ar\/9937-2\/","title":{"rendered":"\u0627\u0644\u0623\u0637\u0628\u0627\u0621"},"content":{"rendered":"<div class=\"doctors-section\" style=\"padding: 50px 0; background: #f9f9f9; text-align: center;\">\n<h2 style=\"font-size: 32px; margin-bottom: 40px; color: #2c3e50; font-weight: 600;\">\n    \u062a\u0639\u0631\u0641 \u0639\u0644\u0649 \u0623\u062e\u0635\u0627\u0626\u064a\u064a \u0627\u0644\u062a\u0644\u0642\u064a\u062d \u0627\u0644\u0635\u0646\u0627\u0639\u064a \u0644\u062f\u064a\u0646\u0627<br \/>\n  <\/h2>\n<p>  <!-- Top 3 Doctors --><\/p>\n<div style=\"display: flex; justify-content: center; gap: 25px; flex-wrap: wrap; margin-bottom: 40px;\">\n<div class=\"doctor-card\" style=\"background: #fff; border-radius: 16px; box-shadow: 0 6px 18px rgba(0,0,0,0.1); overflow: hidden; width: 30%; min-width: 280px; transition: transform 0.3s;\">\n<div class=\"video-wrap\" style=\"position: relative; padding-bottom: 177.77%; height: 0; overflow: hidden; border-radius: 10px;\">\n        <iframe data-src=\"https:\/\/www.youtube.com\/embed\/MTpWb6i_LAw\" style=\"position:absolute; top:0; left:0; width:100%; height:100%;\" frameborder=\"0\" allowfullscreen src=\"data:image\/svg+xml;base64,PHN2ZyB3aWR0aD0iMSIgaGVpZ2h0PSIxIiB4bWxucz0iaHR0cDovL3d3dy53My5vcmcvMjAwMC9zdmciPjwvc3ZnPg==\" class=\"lazyload\" data-load-mode=\"1\"><\/iframe>\n      <\/div>\n<div style=\"padding: 15px 20px; text-align:center;\">\n<h3 style=\"font-size: 20px; color: #34495e; margin-bottom: 5px;\">\u0627\u0644\u0623\u0633\u062a\u0627\u0630 \u0627\u0644\u0645\u0634\u0627\u0631\u0643 \u0627\u0644\u062f\u0643\u062a\u0648\u0631 \u0639\u0644\u064a \u062c\u0646\u0643 \u0623\u0648\u0632\u0627\u064a<\/h3>\n<p style=\"color: #7f8c8d; font-size: 14px;\">\u0623\u062e\u0635\u0627\u0626\u064a \u0627\u0644\u062e\u0635\u0648\u0628\u0629<\/p>\n<\/p><\/div><\/div>\n<div class=\"doctor-card\" style=\"background: #fff; border-radius: 16px; box-shadow: 0 6px 18px rgba(0,0,0,0.1); overflow: hidden; width: 30%; min-width: 280px; transition: transform 0.3s;\">\n<div class=\"video-wrap\" style=\"position: relative; padding-bottom: 177.77%; height: 0; overflow: hidden; border-radius: 10px;\">\n        <iframe data-src=\"https:\/\/www.youtube.com\/embed\/dW-dLVO7qz0\" style=\"position:absolute; top:0; left:0; width:100%; height:100%;\" frameborder=\"0\" allowfullscreen src=\"data:image\/svg+xml;base64,PHN2ZyB3aWR0aD0iMSIgaGVpZ2h0PSIxIiB4bWxucz0iaHR0cDovL3d3dy53My5vcmcvMjAwMC9zdmciPjwvc3ZnPg==\" class=\"lazyload\" data-load-mode=\"1\"><\/iframe>\n      <\/div>\n<div style=\"padding: 15px 20px; text-align:center;\">\n<h3 style=\"font-size: 20px; color: #34495e; margin-bottom: 5px;\">\u0627\u0644\u062f\u0643\u062a\u0648\u0631\u0629 \u0628\u0648\u0631\u062c\u0648 \u0623\u0648\u0632\u0628\u0627\u0643\u064a\u0631<\/h3>\n<p style=\"color: #7f8c8d; font-size: 14px;\">\u0623\u062e\u0635\u0627\u0626\u064a \u0627\u0644\u062e\u0635\u0648\u0628\u0629<\/p>\n<\/p><\/div><\/div>\n<div class=\"doctor-card\" style=\"background: #fff; border-radius: 16px; box-shadow: 0 6px 18px rgba(0,0,0,0.1); overflow: hidden; width: 30%; min-width: 280px; transition: transform 0.3s;\">\n<div class=\"video-wrap\" style=\"position: relative; padding-bottom: 177.77%; height: 0; overflow: hidden; border-radius: 10px;\">\n        <iframe data-src=\"https:\/\/www.youtube.com\/embed\/XxQ83b-KKEo\" style=\"position:absolute; top:0; left:0; width:100%; height:100%;\" frameborder=\"0\" allowfullscreen src=\"data:image\/svg+xml;base64,PHN2ZyB3aWR0aD0iMSIgaGVpZ2h0PSIxIiB4bWxucz0iaHR0cDovL3d3dy53My5vcmcvMjAwMC9zdmciPjwvc3ZnPg==\" class=\"lazyload\" data-load-mode=\"1\"><\/iframe>\n      <\/div>\n<div style=\"padding: 15px 20px; text-align:center;\">\n<h3 style=\"font-size: 20px; color: #34495e; margin-bottom: 5px;\">\u0627\u0644\u0623\u0633\u062a\u0627\u0630 \u0627\u0644\u0645\u0634\u0627\u0631\u0643 \u0627\u0644\u062f\u0643\u062a\u0648\u0631 \u0623\u064a\u0648\u0628 \u064a\u0627\u064a\u062c\u064a<\/h3>\n<p style=\"color: #7f8c8d; font-size: 14px;\">\u0623\u062e\u0635\u0627\u0626\u064a \u0627\u0644\u062e\u0635\u0648\u0628\u0629<\/p>\n<\/p><\/div><\/div><\/div>\n<p>  <!-- Center Doctor --><\/p>\n<div style=\"display: flex; justify-content: center;\">\n<div class=\"doctor-card\" style=\"background: #fff; border-radius: 16px; box-shadow: 0 6px 18px rgba(0,0,0,0.1); overflow: hidden; width: 30%; min-width: 280px; transition: transform 0.3s;\">\n<div class=\"video-wrap\" style=\"position: relative; padding-bottom: 177.77%; height: 0; overflow: hidden; border-radius: 10px;\">\n        <iframe data-src=\"https:\/\/www.youtube.com\/embed\/uNtYrGQb2xU\" style=\"position:absolute; top:0; left:0; width:100%; height:100%;\" frameborder=\"0\" allowfullscreen src=\"data:image\/svg+xml;base64,PHN2ZyB3aWR0aD0iMSIgaGVpZ2h0PSIxIiB4bWxucz0iaHR0cDovL3d3dy53My5vcmcvMjAwMC9zdmciPjwvc3ZnPg==\" class=\"lazyload\" data-load-mode=\"1\"><\/iframe>\n      <\/div>\n<div style=\"padding: 15px 20px; text-align:center;\">\n<h3 style=\"font-size: 20px; color: #34495e; margin-bottom: 5px;\">\u0627\u0644\u062f\u0643\u062a\u0648\u0631\u0629 \u0641\u064a\u0631\u062f\u0627 \u062a\u0648\u0646\u062c\u0628\u064a\u0644\u064a\u0643<\/h3>\n<p style=\"color: #7f8c8d; font-size: 14px;\">\u0623\u062e\u0635\u0627\u0626\u064a \u0627\u0644\u062a\u0644\u0642\u064a\u062d \u0627\u0644\u0635\u0646\u0627\u0639\u064a<\/p>\n<\/p><\/div><\/div><\/div>\n<\/div>\n<style>\n.doctor-card:hover {\n  transform: translateY(-8px);\n}\n<\/style>","protected":false},"excerpt":{"rendered":"<p>Meet Our IVF Specialists Assoc. Prof. Dr. AliCenk \u00d6zay Fertility Specialist Dr. Burcu \u00d6zbak\u0131r Fertility Specialist Assoc. Prof. Dr. Ey\u00fcp Yay\u0131c\u0131 Fertility Specialist Dr. Verda Tun\u00e7bilek IVF Specialist<\/p>","protected":false},"author":1,"featured_media":0,"parent":0,"menu_order":0,"comment_status":"closed","ping_status":"closed","template":"","meta":{"footnotes":""},"class_list":["post-9937","page","type-page","status-publish","hentry"],"_links":{"self":[{"href":"https:\/\/kindofhealth.com\/ar\/wp-json\/wp\/v2\/pages\/9937","targetHints":{"allow":["GET"]}}],"collection":[{"href":"https:\/\/kindofhealth.com\/ar\/wp-json\/wp\/v2\/pages"}],"about":[{"href":"https:\/\/kindofhealth.com\/ar\/wp-json\/wp\/v2\/types\/page"}],"author":[{"embeddable":true,"href":"https:\/\/kindofhealth.com\/ar\/wp-json\/wp\/v2\/users\/1"}],"replies":[{"embeddable":true,"href":"https:\/\/kindofhealth.com\/ar\/wp-json\/wp\/v2\/comments?post=9937"}],"version-history":[{"count":18,"href":"https:\/\/kindofhealth.com\/ar\/wp-json\/wp\/v2\/pages\/9937\/revisions"}],"predecessor-version":[{"id":9963,"href":"https:\/\/kindofhealth.com\/ar\/wp-json\/wp\/v2\/pages\/9937\/revisions\/9963"}],"wp:attachment":[{"href":"https:\/\/kindofhealth.com\/ar\/wp-json\/wp\/v2\/media?parent=9937"}],"curies":[{"name":"wp","href":"https:\/\/api.w.org\/{rel}","templated":true}]}}