{"id":5877,"date":"2015-06-29T08:48:46","date_gmt":"2015-06-29T08:48:46","guid":{"rendered":"http:\/\/wedesignthemes.com\/veda\/biz\/?page_id=4551"},"modified":"2025-08-22T11:10:35","modified_gmt":"2025-08-22T11:10:35","slug":"team","status":"publish","type":"page","link":"https:\/\/kindofhealth.com\/fr\/shortcodes\/team\/","title":{"rendered":"\u00c9quipe"},"content":{"rendered":"<div class=\"wpb-content-wrapper\"><div class=\"vc_row wpb_row vc_row-fluid\"><div class=\"aligncenter wpb_column vc_column_container vc_col-sm-12\"><div class=\"vc_column-inner\" ><div class=\"wpb_wrapper\"><div class='dt-sc-hr-invisible-medium'> <\/div><div class='dt-sc-small-separator'><\/div><div class='dt-sc-hr-invisible-xsmall'> <\/div><div class='dt-sc-title with-two-border'><h2>Notre \u00e9quipe<\/h2><\/div><\/div><\/div><\/div><\/div><div class=\"vc_row wpb_row vc_row-fluid\"><div class=\"wpb_column vc_column_container vc_col-sm-12\"><div class=\"vc_column-inner\" ><div class=\"wpb_wrapper\"><div class=\"vc_separator wpb_content_element vc_separator_align_center vc_sep_width_100 vc_sep_border_width_5 vc_sep_pos_align_center vc_separator_no_text vc_sep_color_grey wpb_content_element  wpb_content_element\" ><span class=\"vc_sep_holder vc_sep_holder_l\"><span class=\"vc_sep_line\"><\/span><\/span><span class=\"vc_sep_holder vc_sep_holder_r\"><span class=\"vc_sep_line\"><\/span><\/span>\n<\/div>\n\t<div class=\"wpb_text_column wpb_content_element\" >\n\t\t<div class=\"wpb_wrapper\">\n\t\t\t<h2 style=\"text-align: justify;\">Notre \u00e9quipe FIV d\u2019experts<\/h2>\n<p style=\"text-align: justify;\" class=\"translation-block\"><b>Kind of Health<\/b> est fier de compter une \u00e9quipe hautement exp\u00e9riment\u00e9e et d\u00e9vou\u00e9e de sp\u00e9cialistes en fertilit\u00e9, d\u2019embryologistes et de coordinateurs patients. Nos professionnels collaborent \u00e9troitement avec les meilleurs h\u00f4pitaux de Chypre afin de garantir \u00e0 chaque patient des soins personnalis\u00e9s et de classe mondiale.<\/p>\n<p style=\"text-align: justify;\">De la consultation initiale aux derni\u00e8res \u00e9tapes du traitement, notre \u00e9quipe offre un accompagnement complet, alliant expertise m\u00e9dicale et conseils attentionn\u00e9s. Nous guidons les patients internationaux tout au long de leur parcours FIV, rendant le processus fluide, confortable et r\u00e9ussi.<\/p>\n<p style=\"text-align: justify;\">Notre \u00e9quipe FIV comprend :<\/p>\n<ul style=\"text-align: justify;\">\n<li>Sp\u00e9cialistes en fertilit\u00e9 exp\u00e9riment\u00e9s avec un parcours \u00e9prouv\u00e9<\/li>\n<li>Embryologistes certifi\u00e9s, sp\u00e9cialis\u00e9s dans les proc\u00e9dures FIV avanc\u00e9es<\/li>\n<li>Coordinateurs patients ma\u00eetrisant plusieurs langues pour un soutien international<\/li>\n<li>Consultants en nutrition et bien-\u00eatre sp\u00e9cialis\u00e9s dans les soins de fertilit\u00e9<\/li>\n<li>Techniciens de laboratoire g\u00e9rant des laboratoires FIV \u00e0 la pointe de la technologie<\/li>\n<\/ul>\n<p style=\"text-align: justify;\"><b>Kind of Health \u2013 Alliant expertise et soins pour votre parcours FIV r\u00e9ussi.<\/b><\/p>\n\n\t\t<\/div>\n\t<\/div>\n<\/div><\/div><\/div><\/div><div class=\"vc_row wpb_row vc_row-fluid\"><div class=\"aligncenter wpb_column vc_column_container vc_col-sm-4\"><div class=\"vc_column-inner\" ><div class=\"wpb_wrapper\"><div class='dt-sc-team   hide-social-show-on-hover rounded'><div class='dt-sc-team-thumb'><img decoding=\"async\" width=\"850\" height=\"1186\" data-src=\"https:\/\/kindofhealth.com\/wp-content\/uploads\/2025\/08\/WhatsApp-Image-2025-05-23-at-13.34.31-e1747996582341.jpeg\" class=\"attachment-full lazyload\" alt=\"\" title=\"WhatsApp-Image-2025-05-23-at-13.34.31-e1747996582341\" data-srcset=\"https:\/\/kindofhealth.com\/wp-content\/uploads\/2025\/08\/WhatsApp-Image-2025-05-23-at-13.34.31-e1747996582341.jpeg 850w, https:\/\/kindofhealth.com\/wp-content\/uploads\/2025\/08\/WhatsApp-Image-2025-05-23-at-13.34.31-e1747996582341-215x300.jpeg 215w, https:\/\/kindofhealth.com\/wp-content\/uploads\/2025\/08\/WhatsApp-Image-2025-05-23-at-13.34.31-e1747996582341-734x1024.jpeg 734w, https:\/\/kindofhealth.com\/wp-content\/uploads\/2025\/08\/WhatsApp-Image-2025-05-23-at-13.34.31-e1747996582341-768x1072.jpeg 768w, https:\/\/kindofhealth.com\/wp-content\/uploads\/2025\/08\/WhatsApp-Image-2025-05-23-at-13.34.31-e1747996582341-600x837.jpeg 600w\" data-sizes=\"(max-width: 850px) 100vw, 850px\" src=\"data:image\/svg+xml;base64,PHN2ZyB3aWR0aD0iMSIgaGVpZ2h0PSIxIiB4bWxucz0iaHR0cDovL3d3dy53My5vcmcvMjAwMC9zdmciPjwvc3ZnPg==\" style=\"--smush-placeholder-width: 850px; --smush-placeholder-aspect-ratio: 850\/1186;\" \/><\/div><div class='dt-sc-team-details'><h4>Ahmad Halabi <\/h4><h5>Director<\/h5><ul class='dt-sc-team-social'><li><a class=\"fa fa-twitter\" href=\"#\" title=\"Twitter\"><\/a><\/li><li><a class=\"fa fa-facebook\" href=\"#\" title=\"Facebook\"><\/a><\/li><li><a class=\"fa fa-google-plus\" href=\"#\" title=\"Google\"><\/a><\/li><li><a class=\"fa fa-linkedin\" href=\"#\" title=\"Linkedin\"><\/a><\/li><\/ul><\/div><\/div><\/div><\/div><\/div><div class=\"wpb_column vc_column_container vc_col-sm-4\"><div class=\"vc_column-inner\" ><div class=\"wpb_wrapper\"><div class='dt-sc-team   hide-social-show-on-hover rounded'><div class='dt-sc-team-thumb'><img decoding=\"async\" width=\"1098\" height=\"1418\" data-src=\"https:\/\/kindofhealth.com\/wp-content\/uploads\/2025\/08\/IMG_3590.jpg\" class=\"attachment-full lazyload\" alt=\"\" title=\"IMG_3590\" data-srcset=\"https:\/\/kindofhealth.com\/wp-content\/uploads\/2025\/08\/IMG_3590.jpg 1098w, https:\/\/kindofhealth.com\/wp-content\/uploads\/2025\/08\/IMG_3590-232x300.jpg 232w, https:\/\/kindofhealth.com\/wp-content\/uploads\/2025\/08\/IMG_3590-793x1024.jpg 793w, https:\/\/kindofhealth.com\/wp-content\/uploads\/2025\/08\/IMG_3590-768x992.jpg 768w, https:\/\/kindofhealth.com\/wp-content\/uploads\/2025\/08\/IMG_3590-600x775.jpg 600w\" data-sizes=\"(max-width: 1098px) 100vw, 1098px\" src=\"data:image\/svg+xml;base64,PHN2ZyB3aWR0aD0iMSIgaGVpZ2h0PSIxIiB4bWxucz0iaHR0cDovL3d3dy53My5vcmcvMjAwMC9zdmciPjwvc3ZnPg==\" style=\"--smush-placeholder-width: 1098px; --smush-placeholder-aspect-ratio: 1098\/1418;\" \/><\/div><div class='dt-sc-team-details'><h4>Ela D\u00fczg\u00fcn <\/h4><h5><\/h5><ul class='dt-sc-team-social'><li><a class=\"fa fa-twitter\" href=\"#\" title=\"Twitter\"><\/a><\/li><li><a class=\"fa fa-facebook\" href=\"#\" title=\"Facebook\"><\/a><\/li><li><a class=\"fa fa-google-plus\" href=\"#\" title=\"Google\"><\/a><\/li><li><a class=\"fa fa-linkedin\" href=\"#\" title=\"Linkedin\"><\/a><\/li><\/ul><\/div><\/div><\/div><\/div><\/div><div class=\"wpb_column vc_column_container vc_col-sm-4\"><div class=\"vc_column-inner\" ><div class=\"wpb_wrapper\"><div class='dt-sc-team   hide-social-show-on-hover rounded'><div class='dt-sc-team-thumb'><img decoding=\"async\" width=\"1098\" height=\"1418\" data-src=\"https:\/\/kindofhealth.com\/wp-content\/uploads\/2025\/08\/IMG_1871-2.jpg\" class=\"attachment-full lazyload\" alt=\"\" title=\"IMG_1871\" data-srcset=\"https:\/\/kindofhealth.com\/wp-content\/uploads\/2025\/08\/IMG_1871-2.jpg 1098w, https:\/\/kindofhealth.com\/wp-content\/uploads\/2025\/08\/IMG_1871-2-232x300.jpg 232w, https:\/\/kindofhealth.com\/wp-content\/uploads\/2025\/08\/IMG_1871-2-793x1024.jpg 793w, https:\/\/kindofhealth.com\/wp-content\/uploads\/2025\/08\/IMG_1871-2-768x992.jpg 768w, https:\/\/kindofhealth.com\/wp-content\/uploads\/2025\/08\/IMG_1871-2-600x775.jpg 600w\" data-sizes=\"(max-width: 1098px) 100vw, 1098px\" src=\"data:image\/svg+xml;base64,PHN2ZyB3aWR0aD0iMSIgaGVpZ2h0PSIxIiB4bWxucz0iaHR0cDovL3d3dy53My5vcmcvMjAwMC9zdmciPjwvc3ZnPg==\" style=\"--smush-placeholder-width: 1098px; --smush-placeholder-aspect-ratio: 1098\/1418;\" \/><\/div><div class='dt-sc-team-details'><h4>RANEEM OKUR <\/h4><h5><\/h5><ul class='dt-sc-team-social'><li><a class=\"fa fa-twitter\" href=\"#\" title=\"Twitter\"><\/a><\/li><li><a class=\"fa fa-facebook\" href=\"#\" title=\"Facebook\"><\/a><\/li><li><a class=\"fa fa-google-plus\" href=\"#\" title=\"Google\"><\/a><\/li><li><a class=\"fa fa-linkedin\" href=\"#\" title=\"Linkedin\"><\/a><\/li><\/ul><\/div><\/div><\/div><\/div><\/div><\/div>\n<\/div>","protected":false},"excerpt":{"rendered":"Our Team Our Expert IVF Team Kind of Health prides itself on having a highly experienced and dedicated team of fertility specialists, embryologists, and patient coordinators. Our professionals work closely [...]","protected":false},"author":1,"featured_media":0,"parent":4525,"menu_order":0,"comment_status":"open","ping_status":"closed","template":"","meta":{"footnotes":""},"class_list":["post-5877","page","type-page","status-publish","hentry"],"_links":{"self":[{"href":"https:\/\/kindofhealth.com\/fr\/wp-json\/wp\/v2\/pages\/5877","targetHints":{"allow":["GET"]}}],"collection":[{"href":"https:\/\/kindofhealth.com\/fr\/wp-json\/wp\/v2\/pages"}],"about":[{"href":"https:\/\/kindofhealth.com\/fr\/wp-json\/wp\/v2\/types\/page"}],"author":[{"embeddable":true,"href":"https:\/\/kindofhealth.com\/fr\/wp-json\/wp\/v2\/users\/1"}],"replies":[{"embeddable":true,"href":"https:\/\/kindofhealth.com\/fr\/wp-json\/wp\/v2\/comments?post=5877"}],"version-history":[{"count":6,"href":"https:\/\/kindofhealth.com\/fr\/wp-json\/wp\/v2\/pages\/5877\/revisions"}],"predecessor-version":[{"id":9854,"href":"https:\/\/kindofhealth.com\/fr\/wp-json\/wp\/v2\/pages\/5877\/revisions\/9854"}],"up":[{"embeddable":true,"href":"https:\/\/kindofhealth.com\/fr\/wp-json\/wp\/v2\/pages\/4525"}],"wp:attachment":[{"href":"https:\/\/kindofhealth.com\/fr\/wp-json\/wp\/v2\/media?parent=5877"}],"curies":[{"name":"wp","href":"https:\/\/api.w.org\/{rel}","templated":true}]}}