{"id":7872,"date":"2016-05-02T09:38:18","date_gmt":"2016-05-02T09:38:18","guid":{"rendered":"https:\/\/dtpregnancy-wpengine-com.dtpregnancy.staging.wpengine.com\/?page_id=7872"},"modified":"2025-08-25T13:09:38","modified_gmt":"2025-08-25T13:09:38","slug":"patients-info","status":"publish","type":"page","link":"https:\/\/kindofhealth.com\/fr\/patients-info\/","title":{"rendered":"Informations patients"},"content":{"rendered":"<div class=\"wpb-content-wrapper\"><div class=\"vc_row wpb_row vc_row-fluid\"><div class=\"wpb_column vc_column_container vc_col-sm-12\"><div class=\"vc_column-inner\" ><div class=\"wpb_wrapper\">\n\t<div class=\"wpb_text_column wpb_content_element\" >\n\t\t<div class=\"wpb_wrapper\">\n\t\t\t<p>Pourquoi nous choisir pour les traitements FIV\u202f?<\/p>\n<p>Notre clinique propose des traitements FIV \u00e0 la pointe de la technologie, alliant technologie avanc\u00e9e et soins attentionn\u00e9s. Nous offrons des plans de fertilit\u00e9 personnalis\u00e9s, garantissant les meilleurs taux de r\u00e9ussite pour les futurs parents. Notre \u00e9quipe a aid\u00e9 des milliers de couples \u00e0 r\u00e9aliser leur r\u00eave d\u2019avoir un enfant.<\/p>\n\n\t\t<\/div>\n\t<\/div>\n<\/div><\/div><\/div><\/div><div class=\"vc_row wpb_row vc_row-fluid\"><div class=\"wpb_column vc_column_container vc_col-sm-12\"><div class=\"vc_column-inner\" ><div class=\"wpb_wrapper\"><div class=\"vc_empty_space\"   style=\"height: 30px\"><span class=\"vc_empty_space_inner\"><\/span><\/div><\/div><\/div><\/div><\/div><div class=\"vc_row wpb_row vc_row-fluid\"><div class=\"wpb_column vc_column_container vc_col-sm-3\"><div class=\"vc_column-inner\" ><div class=\"wpb_wrapper\"><div class='dt-sc-counter  image-flip-counter'><div class='dt-sc-couter-icon-holder'><div class='icon-wrapper'><img decoding=\"async\" width=\"70\" height=\"70\" data-src=\"https:\/\/kindofhealth.com\/wp-content\/uploads\/2016\/06\/num-count4-pink-1.png\" class=\"attachment-full lazyload\" alt=\"img\" title=\"num-count4-pink-1\" src=\"data:image\/svg+xml;base64,PHN2ZyB3aWR0aD0iMSIgaGVpZ2h0PSIxIiB4bWxucz0iaHR0cDovL3d3dy53My5vcmcvMjAwMC9zdmciPjwvc3ZnPg==\" style=\"--smush-placeholder-width: 70px; --smush-placeholder-aspect-ratio: 70\/70;\" \/><img decoding=\"async\" class=\"counter-hover lazyload\" data-src=\"https:\/\/kindofhealth.com\/wp-content\/uploads\/2016\/06\/num-count4-pista-1.png\" alt=\"counter-hover-image\" src=\"data:image\/svg+xml;base64,PHN2ZyB3aWR0aD0iMSIgaGVpZ2h0PSIxIiB4bWxucz0iaHR0cDovL3d3dy53My5vcmcvMjAwMC9zdmciPjwvc3ZnPg==\" style=\"--smush-placeholder-width: 70px; --smush-placeholder-aspect-ratio: 70\/70;\"><\/div><div class='dt-sc-counter-number' data-value='327' >327<\/div><\/div><h4>B\u00e9b\u00e9s FIV r\u00e9ussis<\/h4><\/div><\/div><\/div><\/div><div class=\"wpb_column vc_column_container vc_col-sm-3\"><div class=\"vc_column-inner\" ><div class=\"wpb_wrapper\"><div class='dt-sc-counter  image-flip-counter'><div class='dt-sc-couter-icon-holder'><div class='icon-wrapper'><img decoding=\"async\" width=\"70\" height=\"70\" data-src=\"https:\/\/kindofhealth.com\/wp-content\/uploads\/2016\/06\/num-count1-pink-1.png\" class=\"attachment-full lazyload\" alt=\"img\" title=\"num-count1-pink-1\" src=\"data:image\/svg+xml;base64,PHN2ZyB3aWR0aD0iMSIgaGVpZ2h0PSIxIiB4bWxucz0iaHR0cDovL3d3dy53My5vcmcvMjAwMC9zdmciPjwvc3ZnPg==\" style=\"--smush-placeholder-width: 70px; --smush-placeholder-aspect-ratio: 70\/70;\" \/><img decoding=\"async\" class=\"counter-hover lazyload\" data-src=\"https:\/\/kindofhealth.com\/wp-content\/uploads\/2016\/06\/num-count1-pista-1.png\" alt=\"counter-hover-image\" src=\"data:image\/svg+xml;base64,PHN2ZyB3aWR0aD0iMSIgaGVpZ2h0PSIxIiB4bWxucz0iaHR0cDovL3d3dy53My5vcmcvMjAwMC9zdmciPjwvc3ZnPg==\" style=\"--smush-placeholder-width: 70px; --smush-placeholder-aspect-ratio: 70\/70;\"><\/div><div class='dt-sc-counter-number' data-value='180' >180<\/div><\/div><h4>Sp\u00e9cialistes en fertilit\u00e9<\/h4><\/div><\/div><\/div><\/div><div class=\"wpb_column vc_column_container vc_col-sm-3\"><div class=\"vc_column-inner\" ><div class=\"wpb_wrapper\"><div class='dt-sc-counter  image-flip-counter'><div class='dt-sc-couter-icon-holder'><div class='icon-wrapper'><img decoding=\"async\" width=\"70\" height=\"70\" data-src=\"https:\/\/kindofhealth.com\/wp-content\/uploads\/2016\/06\/num-count2-pink-1.png\" class=\"attachment-full lazyload\" alt=\"img\" title=\"num-count2-pink-1\" src=\"data:image\/svg+xml;base64,PHN2ZyB3aWR0aD0iMSIgaGVpZ2h0PSIxIiB4bWxucz0iaHR0cDovL3d3dy53My5vcmcvMjAwMC9zdmciPjwvc3ZnPg==\" style=\"--smush-placeholder-width: 70px; --smush-placeholder-aspect-ratio: 70\/70;\" \/><img decoding=\"async\" class=\"counter-hover lazyload\" data-src=\"https:\/\/kindofhealth.com\/wp-content\/uploads\/2016\/06\/num-count2-pista-1.png\" alt=\"counter-hover-image\" src=\"data:image\/svg+xml;base64,PHN2ZyB3aWR0aD0iMSIgaGVpZ2h0PSIxIiB4bWxucz0iaHR0cDovL3d3dy53My5vcmcvMjAwMC9zdmciPjwvc3ZnPg==\" style=\"--smush-placeholder-width: 70px; --smush-placeholder-aspect-ratio: 70\/70;\"><\/div><div class='dt-sc-counter-number' data-value='15' >15<\/div><\/div><h4>Laboratoires \u00e0 la pointe de la technologie<\/h4><\/div><\/div><\/div><\/div><div class=\"wpb_column vc_column_container vc_col-sm-3\"><div class=\"vc_column-inner\" ><div class=\"wpb_wrapper\"><div class='dt-sc-counter  image-flip-counter'><div class='dt-sc-couter-icon-holder'><div class='icon-wrapper'><img decoding=\"async\" width=\"70\" height=\"70\" data-src=\"https:\/\/kindofhealth.com\/wp-content\/uploads\/2016\/06\/num-count3-pink-1.png\" class=\"attachment-full lazyload\" alt=\"img\" title=\"num-count3-pink-1\" src=\"data:image\/svg+xml;base64,PHN2ZyB3aWR0aD0iMSIgaGVpZ2h0PSIxIiB4bWxucz0iaHR0cDovL3d3dy53My5vcmcvMjAwMC9zdmciPjwvc3ZnPg==\" style=\"--smush-placeholder-width: 70px; --smush-placeholder-aspect-ratio: 70\/70;\" \/><img decoding=\"async\" class=\"counter-hover lazyload\" data-src=\"https:\/\/kindofhealth.com\/wp-content\/uploads\/2016\/06\/num-count3-pista-1.png\" alt=\"counter-hover-image\" src=\"data:image\/svg+xml;base64,PHN2ZyB3aWR0aD0iMSIgaGVpZ2h0PSIxIiB4bWxucz0iaHR0cDovL3d3dy53My5vcmcvMjAwMC9zdmciPjwvc3ZnPg==\" style=\"--smush-placeholder-width: 70px; --smush-placeholder-aspect-ratio: 70\/70;\"><\/div><div class='dt-sc-counter-number' data-value='25' >25<\/div><\/div><h4>Prix et reconnaissances<\/h4><\/div><\/div><\/div><\/div><\/div><div class=\"vc_row wpb_row vc_row-fluid\"><div class=\"wpb_column vc_column_container vc_col-sm-12\"><div class=\"vc_column-inner\" ><div class=\"wpb_wrapper\"><div class=\"vc_empty_space\"   style=\"height: 45px\"><span class=\"vc_empty_space_inner\"><\/span><\/div><\/div><\/div><\/div><\/div><div class=\"vc_row wpb_row vc_row-fluid\"><div class=\"wpb_column vc_column_container vc_col-sm-12\"><div class=\"vc_column-inner\" ><div class=\"wpb_wrapper\">\n\t<div class=\"wpb_text_column wpb_content_element\" >\n\t\t<div class=\"wpb_wrapper\">\n\t\t\t<p>Nos sp\u00e9cialit\u00e9s en FIV<\/p>\n<p>Nous offrons une gamme compl\u00e8te de services de FIV et de fertilit\u00e9, en utilisant les derni\u00e8res technologies et des plans de soins personnalis\u00e9s pour maximiser les taux de r\u00e9ussite.<\/p>\n\n\t\t<\/div>\n\t<\/div>\n<div class=\"vc_row wpb_row vc_inner vc_row-fluid\"><div class=\"wpb_column vc_column_container vc_col-sm-6\"><div class=\"vc_column-inner\"><div class=\"wpb_wrapper\">Suivi de l\u2019ovulation \u2022 Bilans hormonaux \u2022 Analyse du sperme \u2022 Pr\u00e9l\u00e8vement d\u2019ovules \u2022 Culture d\u2019embryons \u2022 Cong\u00e9lation des embryons \u2022 Cong\u00e9lation du sperme \u2022 D\u00e9pistage g\u00e9n\u00e9tique \u2022 \u00c9valuation de l\u2019endom\u00e8tre \u2022 Conseils en fertilit\u00e9<\/div><\/div><\/div><div class=\"wpb_column vc_column_container vc_col-sm-6\"><div class=\"vc_column-inner\"><div class=\"wpb_wrapper\">Consultation FIV \u2022 Proc\u00e9dures ICSI \u2022 Transfert de blastocystes \u2022 Transfert d\u2019embryons congel\u00e9s \u2022 Th\u00e9rapie hormonale \u2022 Suivi par \u00e9chographie \u2022 \u00c9closion assist\u00e9e au laser \u2022 Tests g\u00e9n\u00e9tiques pr\u00e9implantatoires (PGT) \u2022 Conseils sur le mode de vie et la nutrition \u2022 Suivi du taux de r\u00e9ussite<\/div><\/div><\/div><\/div><\/div><\/div><\/div><\/div><div class=\"vc_row wpb_row vc_row-fluid\"><div class=\"wpb_column vc_column_container vc_col-sm-12\"><div class=\"vc_column-inner\" ><div class=\"wpb_wrapper\"><div class=\"vc_empty_space\"   style=\"height: 45px\"><span class=\"vc_empty_space_inner\"><\/span><\/div><\/div><\/div><\/div><\/div><div class=\"vc_row wpb_row vc_row-fluid\"><div class=\"wpb_column vc_column_container vc_col-sm-12\"><div class=\"vc_column-inner\" ><div class=\"wpb_wrapper\">\n\t<div class=\"wpb_text_column wpb_content_element\" >\n\t\t<div class=\"wpb_wrapper\">\n\t\t\t<p>Soins FIV complets<\/p>\n<p>De la consultation initiale au suivi post-traitement, notre clinique offre un parcours FIV complet. Nous combinons expertise m\u00e9dicale, technologie de pointe et accompagnement personnalis\u00e9 pour soutenir les couples \u00e0 chaque \u00e9tape vers la parentalit\u00e9.<\/p>\n\n\t\t<\/div>\n\t<\/div>\n<\/div><\/div><\/div><\/div>\n<\/div>","protected":false},"excerpt":{"rendered":"Why choose us for IVF treatments Our clinic offers state-of-the-art IVF treatments, combining advanced technology with compassionate care. We provide personalized fertility plans, ensuring the highest success rates for hopeful [...]","protected":false},"author":1,"featured_media":0,"parent":0,"menu_order":0,"comment_status":"closed","ping_status":"closed","template":"","meta":{"footnotes":""},"class_list":["post-7872","page","type-page","status-publish","hentry"],"_links":{"self":[{"href":"https:\/\/kindofhealth.com\/fr\/wp-json\/wp\/v2\/pages\/7872","targetHints":{"allow":["GET"]}}],"collection":[{"href":"https:\/\/kindofhealth.com\/fr\/wp-json\/wp\/v2\/pages"}],"about":[{"href":"https:\/\/kindofhealth.com\/fr\/wp-json\/wp\/v2\/types\/page"}],"author":[{"embeddable":true,"href":"https:\/\/kindofhealth.com\/fr\/wp-json\/wp\/v2\/users\/1"}],"replies":[{"embeddable":true,"href":"https:\/\/kindofhealth.com\/fr\/wp-json\/wp\/v2\/comments?post=7872"}],"version-history":[{"count":2,"href":"https:\/\/kindofhealth.com\/fr\/wp-json\/wp\/v2\/pages\/7872\/revisions"}],"predecessor-version":[{"id":9901,"href":"https:\/\/kindofhealth.com\/fr\/wp-json\/wp\/v2\/pages\/7872\/revisions\/9901"}],"wp:attachment":[{"href":"https:\/\/kindofhealth.com\/fr\/wp-json\/wp\/v2\/media?parent=7872"}],"curies":[{"name":"wp","href":"https:\/\/api.w.org\/{rel}","templated":true}]}}