{"id":9677,"date":"2025-08-13T20:47:40","date_gmt":"2025-08-13T20:47:40","guid":{"rendered":"https:\/\/kindofhealth.com\/?page_id=9677"},"modified":"2025-08-13T20:47:43","modified_gmt":"2025-08-13T20:47:43","slug":"endometrial-receptivity-analysis-era","status":"publish","type":"page","link":"https:\/\/kindofhealth.com\/fr\/endometrial-receptivity-analysis-era\/","title":{"rendered":"Analyse de la r\u00e9ceptivit\u00e9 endom\u00e9triale (ERA)"},"content":{"rendered":"<div class=\"wpb-content-wrapper\">\n<div class=\"vc_row wpb_row vc_row-fluid\"><div class=\"wpb_column vc_column_container vc_col-sm-12\"><div class=\"vc_column-inner\" ><div class=\"wpb_wrapper\"><div class=\"dt-sc-title  title-left  sep-bottom dt-sc-simple-title\"><h2>Analyse de la r\u00e9ceptivit\u00e9 endom\u00e9triale (ERA)<\/h2><\/div>\n\t<div class=\"wpb_text_column wpb_content_element\" >\n\t\t<div class=\"wpb_wrapper\">\n\t\t\t<p>ERA examines the endometrium (uterine lining) to identify the precise window when it is most receptive to embryo implantation. This personalized approach helps improve IVF success rates, especially for patients with repeated implantation failures.<\/p>\n\n\t\t<\/div>\n\t<\/div>\n<ul class='dt-sc-fancy-list   circle-bullet'>\n \t<li>Accurate identification of the implantation window<\/li>\n \t<li>Customized embryo transfer timing<\/li>\n \t<li>Minimizing implantation failures<\/li>\n \t<li>Support for patients with recurrent IVF failures<\/li>\n \t<li>Comprehensive lab analysis and reporting<\/li>\n \t<li>Guidance for personalized fertility treatment<\/li>\n<\/ul><div class=\"vc_empty_space\"   style=\"height: 60px\"><span class=\"vc_empty_space_inner\"><\/span><\/div>\n\t<div class=\"wpb_text_column wpb_content_element\" >\n\t\t<div class=\"wpb_wrapper\">\n\t\t\t<p class=\"translation-block\"><strong style=\"color: #343434;\">How ERA Works:<\/strong><br>A small endometrial biopsy is collected at a specific time during the menstrual cycle. Laboratory testing identifies when the endometrium is most receptive to implantation, allowing clinicians to schedule embryo transfer at the optimal time.<\/p>\n\n\t\t<\/div>\n\t<\/div>\n<div class=\"vc_row wpb_row vc_row-fluid\"><\/div><div class=\"wpb_column vc_column_container vc_col-sm-12\"><div class=\"vc_column-inner\" ><div class=\"wpb_wrapper\"><\/div><\/div><\/div><div class='dt-sc-toggle-frame-set dt-sc-circle-listed'><h5 class='dt-sc-toggle-accordion'><a href='#'>Endometrial Biopsy<\/a><\/h5><div class=\"dt-sc-toggle-content\" style=\"display: none;\"><div class=\"block\"><div class=\"wpb_text_column wpb_content_element vc_custom_1462165632546\" >\n\t\t<div class=\"wpb_wrapper\">\n\t\t\t<p>A minimally invasive biopsy is taken from the uterine lining to analyze gene expression patterns associated with receptivity. This procedure is safe and well-tolerated.<br><br><\/p>\n\n\t\t<\/div>\n\t<\/div><\/div><\/div>\n<h5 class='dt-sc-toggle-accordion'><a href='#'>Laboratory Analysis<\/a><\/h5><div class=\"dt-sc-toggle-content\" style=\"display: none;\"><div class=\"block\"><div class=\"wpb_text_column wpb_content_element vc_custom_1462165632546\" >\n\t\t<div class=\"wpb_wrapper\">\n\t\t\t<p>The collected sample is examined in a specialized laboratory. Advanced genomic techniques are used to determine the exact window of endometrial receptivity.<br><br><\/p>\n\n\t\t<\/div>\n\t<\/div><\/div><\/div>\n<h5 class='dt-sc-toggle-accordion'><a href='#'>Personalized Embryo Transfer<\/a><\/h5><div class=\"dt-sc-toggle-content\" style=\"display: none;\"><div class=\"block\"><div class=\"wpb_text_column wpb_content_element vc_custom_1462165632546\" >\n\t\t<div class=\"wpb_wrapper\">\n\t\t\t<p>Based on ERA results, clinicians can schedule embryo transfer during the identified optimal window, increasing the likelihood of successful implantation and pregnancy.<br><br><\/p>\n\n\t\t<\/div>\n\t<\/div><\/div><\/div>\n<h5 class='dt-sc-toggle-accordion'><a href='#'>Follow-up and Support<\/a><\/h5><div class=\"dt-sc-toggle-content\" style=\"display: none;\"><div class=\"block\"><div class=\"wpb_text_column wpb_content_element vc_custom_1462165632546\" >\n\t\t<div class=\"wpb_wrapper\">\n\t\t\t<p>Continuous monitoring and support are provided to ensure the best outcomes. Patients receive guidance on timing, preparation, and post-transfer care.<br><br><\/p>\n\n\t\t<\/div>\n\t<\/div><\/div><\/div><\/div><\/div><\/div><\/div><\/div>\n<div class=\"vc_row wpb_row vc_row-fluid\"><div class=\"wpb_column vc_column_container vc_col-sm-12\"><div class=\"vc_column-inner\" ><div class=\"wpb_wrapper\"><div class=\"vc_empty_space\"   style=\"height: 80px\"><span class=\"vc_empty_space_inner\"><\/span><\/div><\/div><\/div><\/div><\/div>\n<div class=\"vc_row wpb_row vc_row-fluid\"><div class=\"wpb_column vc_column_container vc_col-sm-6\"><div class=\"vc_column-inner\" ><div class=\"wpb_wrapper\"><div class='dt-sc-icon-box type5'><div class=\"icon-wrapper\"><span class='fa fa-question'> <\/span><\/div><div class=\"icon-content\"><h4>Considering ERA Testing?<\/h4><p class=\"translation-block\">Endometrial Receptivity Analysis helps maximize the success of your IVF cycle by personalizing embryo transfer timing for your unique uterine environment.\r\n<a href=\"#\" target=\"_self\">Learn More\u2026<\/a><\/p><\/div><\/div><\/div><\/div><\/div>\n<div class=\"wpb_column vc_column_container vc_col-sm-6\"><div class=\"vc_column-inner\" ><div class=\"wpb_wrapper\"><div class='dt-sc-icon-box type5 last'><div class=\"icon-wrapper\"><span class='fa fa-female'> <\/span><\/div><div class=\"icon-content\"><h4>Need Personalized Advice?<\/h4><p class=\"translation-block\">Professional consultation ensures ERA results are correctly interpreted and applied, improving your chances for a successful pregnancy.\r\n<a href=\"#\" target=\"_self\">Learn More\u2026<\/a><\/p><\/div><\/div><\/div><\/div><\/div><\/div>\n<\/div>","protected":false},"excerpt":{"rendered":"Endometrial Receptivity Analysis (ERA) ERA examines the endometrium (uterine lining) to identify the precise window when it is most receptive to embryo implantation. This personalized approach helps improve IVF success [...]","protected":false},"author":1,"featured_media":0,"parent":0,"menu_order":0,"comment_status":"closed","ping_status":"closed","template":"","meta":{"footnotes":""},"class_list":["post-9677","page","type-page","status-publish","hentry"],"_links":{"self":[{"href":"https:\/\/kindofhealth.com\/fr\/wp-json\/wp\/v2\/pages\/9677","targetHints":{"allow":["GET"]}}],"collection":[{"href":"https:\/\/kindofhealth.com\/fr\/wp-json\/wp\/v2\/pages"}],"about":[{"href":"https:\/\/kindofhealth.com\/fr\/wp-json\/wp\/v2\/types\/page"}],"author":[{"embeddable":true,"href":"https:\/\/kindofhealth.com\/fr\/wp-json\/wp\/v2\/users\/1"}],"replies":[{"embeddable":true,"href":"https:\/\/kindofhealth.com\/fr\/wp-json\/wp\/v2\/comments?post=9677"}],"version-history":[{"count":1,"href":"https:\/\/kindofhealth.com\/fr\/wp-json\/wp\/v2\/pages\/9677\/revisions"}],"predecessor-version":[{"id":9678,"href":"https:\/\/kindofhealth.com\/fr\/wp-json\/wp\/v2\/pages\/9677\/revisions\/9678"}],"wp:attachment":[{"href":"https:\/\/kindofhealth.com\/fr\/wp-json\/wp\/v2\/media?parent=9677"}],"curies":[{"name":"wp","href":"https:\/\/api.w.org\/{rel}","templated":true}]}}