{"id":9695,"date":"2025-08-13T21:04:53","date_gmt":"2025-08-13T21:04:53","guid":{"rendered":"https:\/\/kindofhealth.com\/?page_id=9695"},"modified":"2025-08-13T21:04:58","modified_gmt":"2025-08-13T21:04:58","slug":"tandem-cycle","status":"publish","type":"page","link":"https:\/\/kindofhealth.com\/fr\/tandem-cycle\/","title":{"rendered":"Cycle en tandem"},"content":{"rendered":"<div class=\"wpb-content-wrapper\">\n<div class=\"vc_row wpb_row vc_row-fluid\"><div class=\"wpb_column vc_column_container vc_col-sm-12\"><div class=\"vc_column-inner\" ><div class=\"wpb_wrapper\"><div class=\"dt-sc-title  title-left  sep-bottom dt-sc-simple-title\"><h2>Cycle en tandem<\/h2><\/div>\n\t<div class=\"wpb_text_column wpb_content_element\" >\n\t\t<div class=\"wpb_wrapper\">\n\t\t\t<p>Cette m\u00e9thode permet aux patientes d'optimiser les r\u00e9sultats de la FIV en collectant davantage d'ovules sur une courte p\u00e9riode, augmentant ainsi la disponibilit\u00e9 des embryons pour le transfert ou la cong\u00e9lation. Une surveillance et une coordination rigoureuses sont essentielles pour un traitement s\u00fbr et efficace.<\/p>\n\n\t\t<\/div>\n\t<\/div>\n<ul class='dt-sc-fancy-list   circle-bullet'>\n<li>Maximizes egg retrieval in patients with low ovarian reserve<\/li>\n<li>Improves chances of successful fertilization and embryo development<\/li>\n<li>Two ovarian stimulations conducted in tandem<\/li>\n<li>Shortens total treatment time compared to separate cycles<\/li>\n<li>Highly personalized and closely monitored procedure<\/li>\n<li>Safe and minimally invasive process<\/li>\n<li>Supports emotional and physical well-being throughout treatment<\/li>\n<\/ul><div class=\"vc_empty_space\"   style=\"height: 60px\"><span class=\"vc_empty_space_inner\"><\/span><\/div>\n\t<div class=\"wpb_text_column wpb_content_element\" >\n\t\t<div class=\"wpb_wrapper\">\n\t\t\t<p class=\"translation-block\"><strong style=\"color: #343434;\">Who Can Benefit:<\/strong> Women with diminished ovarian reserve, older patients, or those seeking to maximize egg collection for IVF can benefit from a tandem cycle.<\/p>\n<br>\n<p class=\"translation-block\"><strong style=\"color: #343434;\">Procedure Overview:<\/strong> Two controlled ovarian stimulations are conducted back-to-back or slightly overlapping, followed by egg retrievals, fertilization, and either embryo transfer or freezing, depending on the patient\u2019s plan.<\/p>\n\n\t\t<\/div>\n\t<\/div>\n<\/div><\/div><\/div><\/div><div class=\"vc_row wpb_row vc_row-fluid\"><div class=\"wpb_column vc_column_container vc_col-sm-12\"><div class=\"vc_column-inner\" ><div class=\"wpb_wrapper\"><div class=\"vc_empty_space\"   style=\"height: 50px\"><span class=\"vc_empty_space_inner\"><\/span><\/div><\/div><\/div><\/div><\/div><div class=\"vc_row wpb_row vc_row-fluid\"><div class=\"wpb_column vc_column_container vc_col-sm-12\"><div class=\"vc_column-inner\" ><div class=\"wpb_wrapper\"><div class='dt-sc-toggle-frame-set dt-sc-circle-listed'><h5 class='dt-sc-toggle-accordion'><a href='#'>Step 1: Initial Ovarian Stimulation<\/a><\/h5><div class=\"dt-sc-toggle-content\" style=\"display: none;\"><div class=\"block\"><div class=\"wpb_text_column wpb_content_element vc_custom_1462165632546\" >\n\t\t<div class=\"wpb_wrapper\">\n\t\t\t<p class=\"translation-block\">The patient undergoes the first ovarian stimulation to produce multiple mature eggs under medical supervision.\r\n<br><br>\r\nFor more details, visit <a href=\"#\" target=\"_self\">ovarian stimulation guide<\/a><\/p>\n\n\t\t<\/div>\n\t<\/div><\/div><\/div>\n\n<h5 class='dt-sc-toggle-accordion'><a href='#'>Step 2: First Egg Retrieval<\/a><\/h5><div class=\"dt-sc-toggle-content\" style=\"display: none;\"><div class=\"block\"><div class=\"wpb_text_column wpb_content_element vc_custom_1462165632546\" >\n\t\t<div class=\"wpb_wrapper\">\n\t\t\t<p class=\"translation-block\">The first set of eggs is retrieved using a minimally invasive procedure, ensuring optimal egg quality and safety.\r\n<br><br>\r\nLearn more at <a href=\"#\" target=\"_self\">egg retrieval overview<\/a><\/p>\n\n\t\t<\/div>\n\t<\/div><\/div><\/div>\n\n<h5 class='dt-sc-toggle-accordion'><a href='#'>Step 3: Second Ovarian Stimulation<\/a><\/h5><div class=\"dt-sc-toggle-content\" style=\"display: none;\"><div class=\"block\"><div class=\"wpb_text_column wpb_content_element vc_custom_1462165632546\" >\n\t\t<div class=\"wpb_wrapper\">\n\t\t\t<p class=\"translation-block\">A second ovarian stimulation is initiated to produce additional eggs, maximizing overall egg yield for fertilization.\r\n<br><br>\r\nSee <a href=\"#\" target=\"_self\">second stimulation guide<\/a><\/p>\n\n\t\t<\/div>\n\t<\/div><\/div><\/div>\n\n<h5 class='dt-sc-toggle-accordion'><a href='#'>Step 4: Second Egg Retrieval<\/a><\/h5><div class=\"dt-sc-toggle-content\" style=\"display: none;\"><div class=\"block\"><div class=\"wpb_text_column wpb_content_element vc_custom_1462165632546\" >\n\t\t<div class=\"wpb_wrapper\">\n\t\t\t<p class=\"translation-block\">The second egg retrieval is performed with careful monitoring to maintain patient safety and ensure high-quality eggs for IVF.\r\n<br><br>\r\nFor more information, visit <a href=\"#\" target=\"_self\">egg retrieval guide<\/a><\/p>\n\n\t\t<\/div>\n\t<\/div><\/div><\/div>\n\n<h5 class='dt-sc-toggle-accordion'><a href='#'>Step 5: Fertilization and Embryo Management<\/a><\/h5><div class=\"dt-sc-toggle-content\" style=\"display: none;\"><div class=\"block\"><div class=\"wpb_text_column wpb_content_element vc_custom_1462165632546\" >\n\t\t<div class=\"wpb_wrapper\">\n\t\t\t<p class=\"translation-block\">All retrieved eggs are fertilized via IVF. Embryos are then transferred or frozen based on the patient\u2019s treatment plan and clinical recommendations.\r\n<br><br>\r\nFor guidance, see <a href=\"#\" target=\"_self\">embryo management resources<\/a><\/p>\n\n\t\t<\/div>\n\t<\/div><\/div><\/div><\/div><\/div><\/div><\/div><\/div><div class=\"vc_row wpb_row vc_row-fluid\"><div class=\"wpb_column vc_column_container vc_col-sm-12\"><div class=\"vc_column-inner\" ><div class=\"wpb_wrapper\"><div class=\"vc_empty_space\"   style=\"height: 80px\"><span class=\"vc_empty_space_inner\"><\/span><\/div><\/div><\/div><\/div><\/div><div class=\"vc_row wpb_row vc_row-fluid\"><div class=\"wpb_column vc_column_container vc_col-sm-6\"><div class=\"vc_column-inner\" ><div class=\"wpb_wrapper\"><div class='dt-sc-icon-box type5'><div class=\"icon-wrapper\"><span class='fa fa-stethoscope'> <\/span><\/div><div class=\"icon-content\"><h4>Considering Tandem Cycle<\/h4><p class=\"translation-block\">Tandem Cycle offers an advanced, personalized approach for women aiming to maximize egg retrieval and IVF success rates.\r\n\r\n<a href=\"#\" target=\"_self\">Learn More\u2026<\/a><\/p><\/div><\/div><\/div><\/div><\/div><div class=\"wpb_column vc_column_container vc_col-sm-6\"><div class=\"vc_column-inner\" ><div class=\"wpb_wrapper\"><div class='dt-sc-icon-box type5 last'><div class=\"icon-wrapper\"><span class='fa fa-heart'> <\/span><\/div><div class=\"icon-content\"><h4>Who Should Consider Tandem Cycle?<\/h4><p class=\"translation-block\">Women with low ovarian reserve, older patients, or those seeking to increase their egg yield in a single treatment period are ideal candidates.\r\n\r\n<a href=\"#\" target=\"_self\">Learn More\u2026<\/a><\/p><\/div><\/div><\/div><\/div><\/div><\/div>\n<\/div>","protected":false},"excerpt":{"rendered":"Tandem Cycle This method allows patients to optimize IVF outcomes by collecting more eggs over a short period, enhancing embryo availability for transfer or freezing. Careful monitoring and coordination are [...]","protected":false},"author":1,"featured_media":0,"parent":0,"menu_order":0,"comment_status":"closed","ping_status":"closed","template":"","meta":{"footnotes":""},"class_list":["post-9695","page","type-page","status-publish","hentry"],"_links":{"self":[{"href":"https:\/\/kindofhealth.com\/fr\/wp-json\/wp\/v2\/pages\/9695","targetHints":{"allow":["GET"]}}],"collection":[{"href":"https:\/\/kindofhealth.com\/fr\/wp-json\/wp\/v2\/pages"}],"about":[{"href":"https:\/\/kindofhealth.com\/fr\/wp-json\/wp\/v2\/types\/page"}],"author":[{"embeddable":true,"href":"https:\/\/kindofhealth.com\/fr\/wp-json\/wp\/v2\/users\/1"}],"replies":[{"embeddable":true,"href":"https:\/\/kindofhealth.com\/fr\/wp-json\/wp\/v2\/comments?post=9695"}],"version-history":[{"count":1,"href":"https:\/\/kindofhealth.com\/fr\/wp-json\/wp\/v2\/pages\/9695\/revisions"}],"predecessor-version":[{"id":9696,"href":"https:\/\/kindofhealth.com\/fr\/wp-json\/wp\/v2\/pages\/9695\/revisions\/9696"}],"wp:attachment":[{"href":"https:\/\/kindofhealth.com\/fr\/wp-json\/wp\/v2\/media?parent=9695"}],"curies":[{"name":"wp","href":"https:\/\/api.w.org\/{rel}","templated":true}]}}