{"id":6948,"date":"2016-03-28T05:42:02","date_gmt":"2016-03-28T05:42:02","guid":{"rendered":"http:\/\/localhost\/pregnancy\/?page_id=12"},"modified":"2025-08-22T11:28:01","modified_gmt":"2025-08-22T11:28:01","slug":"about","status":"publish","type":"page","link":"https:\/\/kindofhealth.com\/tr\/about\/","title":{"rendered":"Hakk\u0131m\u0131zda"},"content":{"rendered":"<div class=\"wpb-content-wrapper\"><div class=\"vc_row wpb_row vc_row-fluid\"><div class=\"wpb_column vc_column_container vc_col-sm-3\"><div class=\"vc_column-inner\" ><div class=\"wpb_wrapper\"><div class='dt-sc-icon-box type2'><div class=\"icon-wrapper\"><img decoding=\"async\" width=\"41\" height=\"40\" data-src=\"https:\/\/kindofhealth.com\/wp-content\/uploads\/2016\/06\/2-1.png\" class=\"attachment-full lazyload\" alt=\"img\" title=\"2-1\" src=\"data:image\/svg+xml;base64,PHN2ZyB3aWR0aD0iMSIgaGVpZ2h0PSIxIiB4bWxucz0iaHR0cDovL3d3dy53My5vcmcvMjAwMC9zdmciPjwvc3ZnPg==\" style=\"--smush-placeholder-width: 41px; --smush-placeholder-aspect-ratio: 41\/40;\" \/><\/div><div class=\"icon-content\"><h4><a href='#' title='IVF Treatments' target='_self'>IVF Treatments<\/a><\/h4><p>Our advanced IVF programs offer personalized solutions to help couples and individuals achieve their dream of parenthood.<\/p><\/div><\/div><\/div><\/div><\/div><div class=\"wpb_column vc_column_container vc_col-sm-3\"><div class=\"vc_column-inner\" ><div class=\"wpb_wrapper\"><div class='dt-sc-icon-box type2'><div class=\"icon-wrapper\"><img decoding=\"async\" width=\"41\" height=\"40\" data-src=\"https:\/\/kindofhealth.com\/wp-content\/uploads\/2016\/06\/1-7.png\" class=\"attachment-full lazyload\" alt=\"img\" title=\"1-7\" src=\"data:image\/svg+xml;base64,PHN2ZyB3aWR0aD0iMSIgaGVpZ2h0PSIxIiB4bWxucz0iaHR0cDovL3d3dy53My5vcmcvMjAwMC9zdmciPjwvc3ZnPg==\" style=\"--smush-placeholder-width: 41px; --smush-placeholder-aspect-ratio: 41\/40;\" \/><\/div><div class=\"icon-content\"><h4><a href='#' title='Yumurta Ba\u011f\u0131\u015f\u0131' target='_self'>Egg &amp; Sperm Donation<\/a><\/h4><p>With carefully selected donors, our egg and sperm donation programs give new hope to patients with fertility challenges.<\/p><\/div><\/div><\/div><\/div><\/div><div class=\"wpb_column vc_column_container vc_col-sm-3\"><div class=\"vc_column-inner\" ><div class=\"wpb_wrapper\"><div class='dt-sc-icon-box type2'><div class=\"icon-wrapper\"><img decoding=\"async\" width=\"29\" height=\"40\" data-src=\"https:\/\/kindofhealth.com\/wp-content\/uploads\/2016\/06\/2-2.png\" class=\"attachment-full lazyload\" alt=\"img\" title=\"2-2\" src=\"data:image\/svg+xml;base64,PHN2ZyB3aWR0aD0iMSIgaGVpZ2h0PSIxIiB4bWxucz0iaHR0cDovL3d3dy53My5vcmcvMjAwMC9zdmciPjwvc3ZnPg==\" style=\"--smush-placeholder-width: 29px; --smush-placeholder-aspect-ratio: 29\/40;\" \/><\/div><div class=\"icon-content\"><h4><a href='#' title='Embryo Freezing' target='_self'>Embryo Freezing<\/a><\/h4><p>Preserve your fertility with our state-of-the-art embryo, egg and sperm freezing technologies for future family planning.<\/p><\/div><\/div><\/div><\/div><\/div><div class=\"wpb_column vc_column_container vc_col-sm-3\"><div class=\"vc_column-inner\" ><div class=\"wpb_wrapper\"><div class='dt-sc-icon-box type2'><div class=\"icon-wrapper\"><img decoding=\"async\" width=\"14\" height=\"40\" data-src=\"https:\/\/kindofhealth.com\/wp-content\/uploads\/2016\/06\/2-3.png\" class=\"attachment-full lazyload\" alt=\"img\" title=\"2-3\" src=\"data:image\/svg+xml;base64,PHN2ZyB3aWR0aD0iMSIgaGVpZ2h0PSIxIiB4bWxucz0iaHR0cDovL3d3dy53My5vcmcvMjAwMC9zdmciPjwvc3ZnPg==\" style=\"--smush-placeholder-width: 14px; --smush-placeholder-aspect-ratio: 14\/40;\" \/><\/div><div class=\"icon-content\"><h4><a href='#' title='Fertility Care' target='_self'>Advanced Fertility Care<\/a><\/h4><p>From pre-treatment testing to personalized care, we support you at every step of your fertility journey.<\/p><\/div><\/div><\/div><\/div><\/div><\/div><div data-vc-full-width=\"true\" data-vc-full-width-init=\"false\" class=\"vc_row wpb_row vc_row-fluid vc_custom_1460375917945 vc_row-has-fill\"><div class=\"wpb_column vc_column_container vc_col-sm-3\"><div class=\"vc_column-inner\" ><div class=\"wpb_wrapper\"><div class='dt-sc-counter  dt-sc-rounded-box lazyload' style='background-image:inherit' data-bg-image='url(https:\/\/kindofhealth.com\/wp-content\/uploads\/2016\/03\/counter_bg.png)'><div class='dt-sc-couter-icon-holder'><div class='icon-wrapper'><span><img decoding=\"async\" width=\"70\" height=\"70\" data-src=\"https:\/\/kindofhealth.com\/wp-content\/uploads\/2016\/03\/num-count1.png\" class=\"attachment-full lazyload\" alt=\"img\" title=\"num-count1\" src=\"data:image\/svg+xml;base64,PHN2ZyB3aWR0aD0iMSIgaGVpZ2h0PSIxIiB4bWxucz0iaHR0cDovL3d3dy53My5vcmcvMjAwMC9zdmciPjwvc3ZnPg==\" style=\"--smush-placeholder-width: 70px; --smush-placeholder-aspect-ratio: 70\/70;\" \/><\/span><\/div><div class='dt-sc-counter-number' data-value='25' >25<\/div><\/div><h4>Years of IVF Experience<\/h4><\/div><\/div><\/div><\/div><div class=\"wpb_column vc_column_container vc_col-sm-3\"><div class=\"vc_column-inner\" ><div class=\"wpb_wrapper\"><div class='dt-sc-counter  dt-sc-rounded-box lazyload' style='background-image:inherit' data-bg-image='url(https:\/\/kindofhealth.com\/wp-content\/uploads\/2016\/03\/counter_bg.png)'><div class='dt-sc-couter-icon-holder'><div class='icon-wrapper'><span><img decoding=\"async\" width=\"70\" height=\"70\" data-src=\"https:\/\/kindofhealth.com\/wp-content\/uploads\/2016\/03\/num-count2.png\" class=\"attachment-full lazyload\" alt=\"img\" title=\"num-count2\" src=\"data:image\/svg+xml;base64,PHN2ZyB3aWR0aD0iMSIgaGVpZ2h0PSIxIiB4bWxucz0iaHR0cDovL3d3dy53My5vcmcvMjAwMC9zdmciPjwvc3ZnPg==\" style=\"--smush-placeholder-width: 70px; --smush-placeholder-aspect-ratio: 70\/70;\" \/><\/span><\/div><div class='dt-sc-counter-number' data-value='5000' >5000<\/div><\/div><h4>Successful IVF Cycles<\/h4><\/div><\/div><\/div><\/div><div class=\"wpb_column vc_column_container vc_col-sm-3\"><div class=\"vc_column-inner\" ><div class=\"wpb_wrapper\"><div class='dt-sc-counter  dt-sc-rounded-box lazyload' style='background-image:inherit' data-bg-image='url(https:\/\/kindofhealth.com\/wp-content\/uploads\/2016\/03\/counter_bg.png)'><div class='dt-sc-couter-icon-holder'><div class='icon-wrapper'><span><img decoding=\"async\" width=\"70\" height=\"70\" data-src=\"https:\/\/kindofhealth.com\/wp-content\/uploads\/2016\/03\/num-count3.png\" class=\"attachment-full lazyload\" alt=\"img\" title=\"num-count3\" src=\"data:image\/svg+xml;base64,PHN2ZyB3aWR0aD0iMSIgaGVpZ2h0PSIxIiB4bWxucz0iaHR0cDovL3d3dy53My5vcmcvMjAwMC9zdmciPjwvc3ZnPg==\" style=\"--smush-placeholder-width: 70px; --smush-placeholder-aspect-ratio: 70\/70;\" \/><\/span><\/div><div class='dt-sc-counter-number' data-value='98' >98<\/div><\/div><h4>Countries Served<\/h4><\/div><\/div><\/div><\/div><div class=\"wpb_column vc_column_container vc_col-sm-3\"><div class=\"vc_column-inner\" ><div class=\"wpb_wrapper\"><div class='dt-sc-counter  dt-sc-rounded-box lazyload' style='background-image:inherit' data-bg-image='url(https:\/\/kindofhealth.com\/wp-content\/uploads\/2016\/03\/counter_bg.png)'><div class='dt-sc-couter-icon-holder'><div class='icon-wrapper'><span><img decoding=\"async\" width=\"70\" height=\"70\" data-src=\"https:\/\/kindofhealth.com\/wp-content\/uploads\/2016\/03\/num-count4.png\" class=\"attachment-full lazyload\" alt=\"img\" title=\"num-count4\" src=\"data:image\/svg+xml;base64,PHN2ZyB3aWR0aD0iMSIgaGVpZ2h0PSIxIiB4bWxucz0iaHR0cDovL3d3dy53My5vcmcvMjAwMC9zdmciPjwvc3ZnPg==\" style=\"--smush-placeholder-width: 70px; --smush-placeholder-aspect-ratio: 70\/70;\" \/><\/span><\/div><div class='dt-sc-counter-number' data-value='10000+' >10000+<\/div><\/div><h4>Happy Families<\/h4><\/div><\/div><\/div><\/div><\/div><div class=\"vc_row-full-width\"><\/div><div class=\"vc_row wpb_row vc_row-fluid\"><div class=\"wpb_column vc_column_container vc_col-sm-6\"><div class=\"vc_column-inner\" ><div class=\"wpb_wrapper\"><div class=\"dt-sc-title  title-left  sep-bottom dt-sc-simple-title\"><h2>A Sneak Peak of our IVF Lab<\/h2><\/div>\n\t<div class=\"wpb_text_column wpb_content_element\" >\n\t\t<div class=\"wpb_wrapper\">\n\t\t\t<p>From egg retrieval to embryo transfer, every procedure is performed under strict quality standards to maximize success rates.<\/p>\n\n\t\t<\/div>\n\t<\/div>\n<\/div><\/div><\/div><div class=\"alignright about_video_content wpb_column vc_column_container vc_col-sm-6\"><div class=\"vc_column-inner\" ><div class=\"wpb_wrapper\"><div class=\"ilightbox\"><img decoding=\"async\" width=\"2560\" height=\"1660\" data-src=\"https:\/\/kindofhealth.com\/wp-content\/uploads\/2025\/07\/2-scaled.jpg\" class=\"attachment-full lazyload\" alt=\"\" title=\"2\" data-srcset=\"https:\/\/kindofhealth.com\/wp-content\/uploads\/2025\/07\/2-scaled.jpg 2560w, https:\/\/kindofhealth.com\/wp-content\/uploads\/2025\/07\/2-300x195.jpg 300w, https:\/\/kindofhealth.com\/wp-content\/uploads\/2025\/07\/2-1024x664.jpg 1024w, https:\/\/kindofhealth.com\/wp-content\/uploads\/2025\/07\/2-768x498.jpg 768w, https:\/\/kindofhealth.com\/wp-content\/uploads\/2025\/07\/2-1536x996.jpg 1536w, https:\/\/kindofhealth.com\/wp-content\/uploads\/2025\/07\/2-2048x1328.jpg 2048w, https:\/\/kindofhealth.com\/wp-content\/uploads\/2025\/07\/2-600x389.jpg 600w\" data-sizes=\"(max-width: 2560px) 100vw, 2560px\" src=\"data:image\/svg+xml;base64,PHN2ZyB3aWR0aD0iMSIgaGVpZ2h0PSIxIiB4bWxucz0iaHR0cDovL3d3dy53My5vcmcvMjAwMC9zdmciPjwvc3ZnPg==\" style=\"--smush-placeholder-width: 2560px; --smush-placeholder-aspect-ratio: 2560\/1660;\" \/><div class=\"video-overlay\">\r\n\t\t\t\t\t\t\t<a class=\"play-button\" data-type=\"iframe\" id=\"fullscreen-video-section-ilightbox\" data-options=\"width:800, height:450\" href=\"https:\/\/youtube.com\/shorts\/XxQ83b-KKEo?feature=share\">\t\t\t\t\r\n\t\t\t\t\t\t\t\t<i class=\"fa fa-play\"><\/i>\t\t\t\t\t\t\r\n\t\t\t\t\t\t\t<\/a>\r\n\t\t\t\t\t\t\t<h5>Inside our IVF Lab<\/h5>\r\n\t\t\t\t\t\t<\/div><\/div><\/div><\/div><\/div><\/div><div data-vc-full-width=\"true\" data-vc-full-width-init=\"false\" class=\"vc_row wpb_row vc_row-fluid vc_custom_1459510647087 vc_row-has-fill\"><div class=\"aligncenter wpb_column vc_column_container vc_col-sm-12\"><div class=\"vc_column-inner\" ><div class=\"wpb_wrapper\"><h2>Your Trusted Fertility Partner<\/h2><div class=\"vc_empty_space\"   style=\"height: 20px\"><span class=\"vc_empty_space_inner\"><\/span><\/div><a href='https:\/\/crm.3ofkind.com\/forms\/wtl\/aa74a461f56427e8ccf0240c499576cc?styled=1' target='_blank' title='' class='dt-sc-button   medium   fully-rounded-border' >Contact Us Today <\/a><\/div><\/div><\/div><\/div><div class=\"vc_row-full-width\"><\/div><div class=\"vc_row wpb_row vc_row-fluid\"><div class=\"wpb_column vc_column_container vc_col-sm-4\"><div class=\"vc_column-inner\" ><div class=\"wpb_wrapper\"><div class=\"dt-sc-icon-box colored  pista\" ><div class=\"icon-wrapper\">\r\n\t\t\t\t\t\t<span class=\"image-inside\"><img decoding=\"async\" width=\"70\" height=\"70\" data-src=\"https:\/\/kindofhealth.com\/wp-content\/uploads\/2016\/03\/1-1-1.png\" class=\"attachment-full lazyload\" alt=\"\" title=\"1-1\" src=\"data:image\/svg+xml;base64,PHN2ZyB3aWR0aD0iMSIgaGVpZ2h0PSIxIiB4bWxucz0iaHR0cDovL3d3dy53My5vcmcvMjAwMC9zdmciPjwvc3ZnPg==\" style=\"--smush-placeholder-width: 70px; --smush-placeholder-aspect-ratio: 70\/70;\" \/>   <\/span>\r\n\t\t\t\t\t <\/div><div class='icon-content'><p>Preserve your fertility and keep your options open for future family planning.<\/p><h4>Egg Freezing<\/h4><\/div>\r\n\t\t\t       <\/div><div class=\"dt-sc-icon-box colored  blue\" ><div class=\"icon-wrapper\">\r\n\t\t\t\t\t\t<span class=\"image-inside\"><img decoding=\"async\" width=\"70\" height=\"70\" data-src=\"https:\/\/kindofhealth.com\/wp-content\/uploads\/2016\/03\/1-5-1.png\" class=\"attachment-full lazyload\" alt=\"\" title=\"1-5\" src=\"data:image\/svg+xml;base64,PHN2ZyB3aWR0aD0iMSIgaGVpZ2h0PSIxIiB4bWxucz0iaHR0cDovL3d3dy53My5vcmcvMjAwMC9zdmciPjwvc3ZnPg==\" style=\"--smush-placeholder-width: 70px; --smush-placeholder-aspect-ratio: 70\/70;\" \/>   <\/span>\r\n\t\t\t\t\t <\/div><div class='icon-content'><p>Giving hopeful families a chance through our safe and professional donor program.<\/p><h4>Sperm Donation<\/h4><\/div>\r\n\t\t\t       <\/div><\/div><\/div><\/div><div class=\"wpb_column vc_column_container vc_col-sm-4\"><div class=\"vc_column-inner\" ><div class=\"wpb_wrapper\"><div class=\"dt-sc-icon-box colored  yellow\" ><div class=\"icon-wrapper\">\r\n\t\t\t\t\t\t<span class=\"image-inside\"><img decoding=\"async\" width=\"70\" height=\"70\" data-src=\"https:\/\/kindofhealth.com\/wp-content\/uploads\/2016\/03\/1-6-1.png\" class=\"attachment-full lazyload\" alt=\"\" title=\"1-6\" src=\"data:image\/svg+xml;base64,PHN2ZyB3aWR0aD0iMSIgaGVpZ2h0PSIxIiB4bWxucz0iaHR0cDovL3d3dy53My5vcmcvMjAwMC9zdmciPjwvc3ZnPg==\" style=\"--smush-placeholder-width: 70px; --smush-placeholder-aspect-ratio: 70\/70;\" \/>   <\/span>\r\n\t\t\t\t\t <\/div><div class='icon-content'><p>An option for couples seeking a unique path to parenthood.<\/p><h4>Embriyo Ba\u011f\u0131\u015f\u0131<\/h4><\/div>\r\n\t\t\t       <\/div><div class=\"dt-sc-icon-box colored  orange\" ><div class=\"icon-wrapper\">\r\n\t\t\t\t\t\t<span class=\"image-inside\"><img decoding=\"async\" width=\"70\" height=\"70\" src=\"Ad\u0131m Ad\u0131m ivf\" class=\"attachment-full\" alt=\"\" title=\"1-4\" \/>   <\/span>\r\n\t\t\t\t\t <\/div><div class='icon-content'><p>Ensure healthy embryos with advanced preimplantation genetic testing.<\/p><h4>Genetic Testing (PGD\/PGS)<\/h4><\/div>\r\n\t\t\t       <\/div><\/div><\/div><\/div><div class=\"wpb_column vc_column_container vc_col-sm-4\"><div class=\"vc_column-inner\" ><div class=\"wpb_wrapper\"><div class=\"dt-sc-icon-box colored  pink\" ><div class=\"icon-wrapper\">\r\n\t\t\t\t\t\t<span class=\"image-inside\"><img decoding=\"async\" width=\"70\" height=\"70\" data-src=\"https:\/\/kindofhealth.com\/wp-content\/uploads\/2016\/03\/1-2-1.png\" class=\"attachment-full lazyload\" alt=\"\" title=\"1-2\" src=\"data:image\/svg+xml;base64,PHN2ZyB3aWR0aD0iMSIgaGVpZ2h0PSIxIiB4bWxucz0iaHR0cDovL3d3dy53My5vcmcvMjAwMC9zdmciPjwvc3ZnPg==\" style=\"--smush-placeholder-width: 70px; --smush-placeholder-aspect-ratio: 70\/70;\" \/>   <\/span>\r\n\t\t\t\t\t <\/div><div class='icon-content'><p>Improve implantation rates with modern micromanipulation techniques.<\/p><h4>Destekli Yuvalama<\/h4><\/div>\r\n\t\t\t       <\/div><div class=\"dt-sc-icon-box colored  lavender\" ><div class=\"icon-wrapper\">\r\n\t\t\t\t\t\t<span class=\"image-inside\"><img decoding=\"async\" width=\"70\" height=\"70\" data-src=\"https:\/\/kindofhealth.com\/wp-content\/uploads\/2016\/03\/1-3-1.png\" class=\"attachment-full lazyload\" alt=\"\" title=\"1-3\" src=\"data:image\/svg+xml;base64,PHN2ZyB3aWR0aD0iMSIgaGVpZ2h0PSIxIiB4bWxucz0iaHR0cDovL3d3dy53My5vcmcvMjAwMC9zdmciPjwvc3ZnPg==\" style=\"--smush-placeholder-width: 70px; --smush-placeholder-aspect-ratio: 70\/70;\" \/>   <\/span>\r\n\t\t\t\t\t <\/div><div class='icon-content'><p>Innovative treatments to improve egg quality and ovarian response.<\/p><h4>Yumurtal\u0131k Gen\u00e7le\u015ftirme<\/h4><\/div>\r\n\t\t\t       <\/div><\/div><\/div><\/div><\/div>\n<\/div>","protected":false},"excerpt":{"rendered":"IVF TreatmentsOur advanced IVF programs offer personalized solutions to help couples and individuals achieve their dream of parenthood.Egg &amp; Sperm DonationWith carefully selected donors, our egg and sperm donation programs [...]","protected":false},"author":1,"featured_media":0,"parent":0,"menu_order":0,"comment_status":"closed","ping_status":"closed","template":"","meta":{"footnotes":""},"class_list":["post-6948","page","type-page","status-publish","hentry"],"_links":{"self":[{"href":"https:\/\/kindofhealth.com\/tr\/wp-json\/wp\/v2\/pages\/6948","targetHints":{"allow":["GET"]}}],"collection":[{"href":"https:\/\/kindofhealth.com\/tr\/wp-json\/wp\/v2\/pages"}],"about":[{"href":"https:\/\/kindofhealth.com\/tr\/wp-json\/wp\/v2\/types\/page"}],"author":[{"embeddable":true,"href":"https:\/\/kindofhealth.com\/tr\/wp-json\/wp\/v2\/users\/1"}],"replies":[{"embeddable":true,"href":"https:\/\/kindofhealth.com\/tr\/wp-json\/wp\/v2\/comments?post=6948"}],"version-history":[{"count":5,"href":"https:\/\/kindofhealth.com\/tr\/wp-json\/wp\/v2\/pages\/6948\/revisions"}],"predecessor-version":[{"id":9856,"href":"https:\/\/kindofhealth.com\/tr\/wp-json\/wp\/v2\/pages\/6948\/revisions\/9856"}],"wp:attachment":[{"href":"https:\/\/kindofhealth.com\/tr\/wp-json\/wp\/v2\/media?parent=6948"}],"curies":[{"name":"wp","href":"https:\/\/api.w.org\/{rel}","templated":true}]}}