{"id":9675,"date":"2025-08-13T20:46:13","date_gmt":"2025-08-13T20:46:13","guid":{"rendered":"https:\/\/kindofhealth.com\/?page_id=9675"},"modified":"2025-08-13T20:46:17","modified_gmt":"2025-08-13T20:46:17","slug":"embryo-donation","status":"publish","type":"page","link":"https:\/\/kindofhealth.com\/tr\/embryo-donation\/","title":{"rendered":"Embriyo Ba\u011f\u0131\u015f\u0131"},"content":{"rendered":"<div class=\"wpb-content-wrapper\">\n<div class=\"vc_row wpb_row vc_row-fluid\"><div class=\"wpb_column vc_column_container vc_col-sm-12\"><div class=\"vc_column-inner\" ><div class=\"wpb_wrapper\"><div class=\"dt-sc-title  title-left  sep-bottom dt-sc-simple-title\"><h2>Embriyo Ba\u011f\u0131\u015f\u0131<\/h2><\/div>\n\t<div class=\"wpb_text_column wpb_content_element\" >\n\t\t<div class=\"wpb_wrapper\">\n\t\t\t<p>Embryo donation allows individuals or couples to experience pregnancy and parenthood when other fertility options have not been successful. The process involves careful screening of donors and recipients to ensure the best outcomes.<\/p>\n\n\t\t<\/div>\n\t<\/div>\n<ul class='dt-sc-fancy-list   circle-bullet'>\n \t<li>Thorough donor screening for health and genetic compatibility<\/li>\n \t<li>Legal and ethical counseling for donors and recipients<\/li>\n \t<li>Preparation of the recipient\u2019s uterus for embryo transfer<\/li>\n \t<li>Monitoring during the embryo implantation process<\/li>\n \t<li>Follow-up care to ensure a healthy pregnancy<\/li>\n \t<li>Support and guidance throughout the journey<\/li>\n<\/ul><div class=\"vc_empty_space\"   style=\"height: 60px\"><span class=\"vc_empty_space_inner\"><\/span><\/div>\n\t<div class=\"wpb_text_column wpb_content_element\" >\n\t\t<div class=\"wpb_wrapper\">\n\t\t\t<p class=\"translation-block\"><strong style=\"color: #343434;\">How Embryo Donation Works:<\/strong><br>Donated embryos are carefully matched to recipients based on medical and genetic factors. The recipient undergoes a preparation protocol to optimize the uterus for implantation, after which the embryo is transferred and early pregnancy is monitored closely.<\/p>\n\n\t\t<\/div>\n\t<\/div>\n<div class=\"vc_row wpb_row vc_row-fluid\"><\/div><div class=\"wpb_column vc_column_container vc_col-sm-12\"><div class=\"vc_column-inner\" ><div class=\"wpb_wrapper\"><\/div><\/div><\/div><div class='dt-sc-toggle-frame-set dt-sc-circle-listed'><h5 class='dt-sc-toggle-accordion'><a href='#'>Donor Screening and Selection<\/a><\/h5><div class=\"dt-sc-toggle-content\" style=\"display: none;\"><div class=\"block\"><div class=\"wpb_text_column wpb_content_element vc_custom_1462165632546\" >\n\t\t<div class=\"wpb_wrapper\">\n\t\t\t<p>Screening ensures donors are healthy, free from genetic conditions, and compatible with recipients. Psychological evaluations are also conducted to support ethical practices.<br><br><\/p>\n\n\t\t<\/div>\n\t<\/div><\/div><\/div>\n<h5 class='dt-sc-toggle-accordion'><a href='#'>Recipient Preparation<\/a><\/h5><div class=\"dt-sc-toggle-content\" style=\"display: none;\"><div class=\"block\"><div class=\"wpb_text_column wpb_content_element vc_custom_1462165632546\" >\n\t\t<div class=\"wpb_wrapper\">\n\t\t\t<p>Recipients follow a personalized protocol to prepare the uterus for embryo transfer. Hormonal support and lifestyle adjustments are recommended to optimize success rates.<br><br><\/p>\n\n\t\t<\/div>\n\t<\/div><\/div><\/div>\n<h5 class='dt-sc-toggle-accordion'><a href='#'>Embryo Transfer Procedure<\/a><\/h5><div class=\"dt-sc-toggle-content\" style=\"display: none;\"><div class=\"block\"><div class=\"wpb_text_column wpb_content_element vc_custom_1462165632546\" >\n\t\t<div class=\"wpb_wrapper\">\n\t\t\t<p>The selected embryo is transferred into the recipient\u2019s uterus under medical supervision. The process is minimally invasive and carefully monitored to ensure safety.<br><br><\/p>\n\n\t\t<\/div>\n\t<\/div><\/div><\/div>\n<h5 class='dt-sc-toggle-accordion'><a href='#'>Follow-up and Support<\/a><\/h5><div class=\"dt-sc-toggle-content\" style=\"display: none;\"><div class=\"block\"><div class=\"wpb_text_column wpb_content_element vc_custom_1462165632546\" >\n\t\t<div class=\"wpb_wrapper\">\n\t\t\t<p>After the transfer, recipients are monitored through regular check-ups to track pregnancy progression. Continuous support and guidance are provided to address any concerns.<br><br><\/p>\n\n\t\t<\/div>\n\t<\/div><\/div><\/div><\/div><\/div><\/div><\/div><\/div>\n<div class=\"vc_row wpb_row vc_row-fluid\"><div class=\"wpb_column vc_column_container vc_col-sm-12\"><div class=\"vc_column-inner\" ><div class=\"wpb_wrapper\"><div class=\"vc_empty_space\"   style=\"height: 80px\"><span class=\"vc_empty_space_inner\"><\/span><\/div><\/div><\/div><\/div><\/div>\n<div class=\"vc_row wpb_row vc_row-fluid\"><div class=\"wpb_column vc_column_container vc_col-sm-6\"><div class=\"vc_column-inner\" ><div class=\"wpb_wrapper\"><div class='dt-sc-icon-box type5'><div class=\"icon-wrapper\"><span class='fa fa-question'> <\/span><\/div><div class=\"icon-content\"><h4>Are You Considering Embryo Donation?<\/h4><p class=\"translation-block\">Embryo donation can open doors to parenthood for couples facing infertility challenges. Expert guidance ensures safety and emotional support throughout the journey.\r\n<a href=\"#\" target=\"_self\">Learn More\u2026<\/a><\/p><\/div><\/div><\/div><\/div><\/div>\n<div class=\"wpb_column vc_column_container vc_col-sm-6\"><div class=\"vc_column-inner\" ><div class=\"wpb_wrapper\"><div class='dt-sc-icon-box type5 last'><div class=\"icon-wrapper\"><span class='fa fa-female'> <\/span><\/div><div class=\"icon-content\"><h4>Need More Information?<\/h4><p class=\"translation-block\">If you are exploring embryo donation, professional consultation is recommended. Tailored advice helps achieve the best outcomes for your family-building goals.\r\n<a href=\"#\" target=\"_self\">Learn More\u2026<\/a><\/p><\/div><\/div><\/div><\/div><\/div><\/div>\n<\/div>","protected":false},"excerpt":{"rendered":"Embryo Donation Embryo donation allows individuals or couples to experience pregnancy and parenthood when other fertility options have not been successful. The process involves careful screening of donors and recipients [...]","protected":false},"author":1,"featured_media":0,"parent":0,"menu_order":0,"comment_status":"closed","ping_status":"closed","template":"","meta":{"footnotes":""},"class_list":["post-9675","page","type-page","status-publish","hentry"],"_links":{"self":[{"href":"https:\/\/kindofhealth.com\/tr\/wp-json\/wp\/v2\/pages\/9675","targetHints":{"allow":["GET"]}}],"collection":[{"href":"https:\/\/kindofhealth.com\/tr\/wp-json\/wp\/v2\/pages"}],"about":[{"href":"https:\/\/kindofhealth.com\/tr\/wp-json\/wp\/v2\/types\/page"}],"author":[{"embeddable":true,"href":"https:\/\/kindofhealth.com\/tr\/wp-json\/wp\/v2\/users\/1"}],"replies":[{"embeddable":true,"href":"https:\/\/kindofhealth.com\/tr\/wp-json\/wp\/v2\/comments?post=9675"}],"version-history":[{"count":1,"href":"https:\/\/kindofhealth.com\/tr\/wp-json\/wp\/v2\/pages\/9675\/revisions"}],"predecessor-version":[{"id":9676,"href":"https:\/\/kindofhealth.com\/tr\/wp-json\/wp\/v2\/pages\/9675\/revisions\/9676"}],"wp:attachment":[{"href":"https:\/\/kindofhealth.com\/tr\/wp-json\/wp\/v2\/media?parent=9675"}],"curies":[{"name":"wp","href":"https:\/\/api.w.org\/{rel}","templated":true}]}}