{"id":9679,"date":"2025-08-13T20:48:23","date_gmt":"2025-08-13T20:48:23","guid":{"rendered":"https:\/\/kindofhealth.com\/?page_id=9679"},"modified":"2025-08-13T20:48:31","modified_gmt":"2025-08-13T20:48:31","slug":"immune-treatment","status":"publish","type":"page","link":"https:\/\/kindofhealth.com\/tr\/immune-treatment\/","title":{"rendered":"Ba\u011f\u0131\u015f\u0131kl\u0131k Tedavisi"},"content":{"rendered":"<div class=\"wpb-content-wrapper\">\n<div class=\"vc_row wpb_row vc_row-fluid\"><div class=\"wpb_column vc_column_container vc_col-sm-12\"><div class=\"vc_column-inner\" ><div class=\"wpb_wrapper\"><div class=\"dt-sc-title  title-left  sep-bottom dt-sc-simple-title\"><h2>Ba\u011f\u0131\u015f\u0131kl\u0131k Tedavisi<\/h2><\/div>\n\t<div class=\"wpb_text_column wpb_content_element\" >\n\t\t<div class=\"wpb_wrapper\">\n\t\t\t<p>Certain immune system imbalances can interfere with embryo implantation or cause recurrent pregnancy loss. Immune treatments help regulate these responses, creating a favorable environment for conception.<\/p>\n\n\t\t<\/div>\n\t<\/div>\n<ul class='dt-sc-fancy-list   circle-bullet'>\n<li>Personalized immune evaluation<\/li>\n<li>Targeted therapy for immune system balance<\/li>\n<li>Reduction of inflammation impacting fertility<\/li>\n<li>Support for successful embryo implantation<\/li>\n<li>Monitoring immune markers throughout treatment<\/li>\n<\/ul><div class=\"vc_empty_space\"   style=\"height: 60px\"><span class=\"vc_empty_space_inner\"><\/span><\/div>\n\t<div class=\"wpb_text_column wpb_content_element\" >\n\t\t<div class=\"wpb_wrapper\">\n\t\t\t<p class=\"translation-block\"><strong style=\"color: #343434;\">How Immune Treatment Works:<\/strong> By identifying specific immune imbalances, tailored therapies such as intravenous immunoglobulin, corticosteroids, or other immune-modulating approaches may be administered under medical supervision.<\/p>\n<br>\n<p class=\"translation-block\"><strong style=\"color: #343434;\">Who Can Benefit?<\/strong> Couples experiencing recurrent implantation failure, unexplained infertility, or recurrent pregnancy loss may benefit from immune assessment and treatment.<\/p>\n\n\t\t<\/div>\n\t<\/div>\n<\/div><\/div><\/div><\/div><div class=\"vc_row wpb_row vc_row-fluid\"><div class=\"wpb_column vc_column_container vc_col-sm-12\"><div class=\"vc_column-inner\" ><div class=\"wpb_wrapper\"><div class=\"vc_empty_space\"   style=\"height: 50px\"><span class=\"vc_empty_space_inner\"><\/span><\/div><\/div><\/div><\/div><\/div><div class=\"vc_row wpb_row vc_row-fluid\"><div class=\"wpb_column vc_column_container vc_col-sm-12\"><div class=\"vc_column-inner\" ><div class=\"wpb_wrapper\"><div class='dt-sc-toggle-frame-set dt-sc-circle-listed'><h5 class='dt-sc-toggle-accordion'><a href='#'>Step 1: Immune System Assessment<\/a><\/h5><div class=\"dt-sc-toggle-content\" style=\"display: none;\"><div class=\"block\"><div class=\"wpb_text_column wpb_content_element vc_custom_1462165632546\" >\n\t\t<div class=\"wpb_wrapper\">\n\t\t\t<p class=\"translation-block\">Comprehensive testing identifies immune markers that could impact fertility. Blood tests, cytokine profiling, and other diagnostics provide a clear overview of immune health.\r\n<br><br>\r\nFor more details, see <a href=\"#\" target=\"_self\">our immune assessment guide<\/a><\/p>\n\n\t\t<\/div>\n\t<\/div><\/div><\/div>\n\n<h5 class='dt-sc-toggle-accordion'><a href='#'>Step 2: Tailored Treatment Plan<\/a><\/h5><div class=\"dt-sc-toggle-content\" style=\"display: none;\"><div class=\"block\"><div class=\"wpb_text_column wpb_content_element vc_custom_1462165632546\" >\n\t\t<div class=\"wpb_wrapper\">\n\t\t\t<p class=\"translation-block\">Based on test results, a personalized treatment plan is developed. This may include medications, supplements, or therapies aimed at regulating immune function for optimal fertility.\r\n<br><br>\r\nLearn more in <a href=\"#\" target=\"_self\">our treatment planning guide<\/a><\/p>\n\n\t\t<\/div>\n\t<\/div><\/div><\/div>\n\n<h5 class='dt-sc-toggle-accordion'><a href='#'>Step 3: Monitoring and Support<\/a><\/h5><div class=\"dt-sc-toggle-content\" style=\"display: none;\"><div class=\"block\"><div class=\"wpb_text_column wpb_content_element vc_custom_1462165632546\" >\n\t\t<div class=\"wpb_wrapper\">\n\t\t\t<p class=\"translation-block\">Continuous monitoring ensures that immune parameters remain within optimal ranges. Adjustments are made as needed to support successful conception and a healthy pregnancy.\r\n<br><br>\r\nSee <a href=\"#\" target=\"_self\">our monitoring recommendations<\/a><\/p>\n\n\t\t<\/div>\n\t<\/div><\/div><\/div><\/div><\/div><\/div><\/div><\/div><div class=\"vc_row wpb_row vc_row-fluid\"><div class=\"wpb_column vc_column_container vc_col-sm-12\"><div class=\"vc_column-inner\" ><div class=\"wpb_wrapper\"><div class=\"vc_empty_space\"   style=\"height: 80px\"><span class=\"vc_empty_space_inner\"><\/span><\/div><\/div><\/div><\/div><\/div><div class=\"vc_row wpb_row vc_row-fluid\"><div class=\"wpb_column vc_column_container vc_col-sm-6\"><div class=\"vc_column-inner\" ><div class=\"wpb_wrapper\"><div class='dt-sc-icon-box type5'><div class=\"icon-wrapper\"><span class='fa fa-question'> <\/span><\/div><div class=\"icon-content\"><h4>Considering Immune Treatment?<\/h4><p class=\"translation-block\">A personalized immune evaluation may increase the chances of successful conception and reduce pregnancy complications.\r\n\r\n<a href=\"#\" target=\"_self\">Learn More\u2026<\/a><\/p><\/div><\/div><\/div><\/div><\/div><div class=\"wpb_column vc_column_container vc_col-sm-6\"><div class=\"vc_column-inner\" ><div class=\"wpb_wrapper\"><div class='dt-sc-icon-box type5 last'><div class=\"icon-wrapper\"><span class='fa fa-female'> <\/span><\/div><div class=\"icon-content\"><h4>Who Should Consider It?<\/h4><p class=\"translation-block\">Couples with recurrent implantation failure, unexplained infertility, or recurrent pregnancy loss may benefit from immune treatments guided by specialists.\r\n\r\n<a href=\"#\" target=\"_self\">Learn More\u2026<\/a><\/p><\/div><\/div><\/div><\/div><\/div><\/div>\n<\/div>","protected":false},"excerpt":{"rendered":"Immune Treatment Certain immune system imbalances can interfere with embryo implantation or cause recurrent pregnancy loss. Immune treatments help regulate these responses, creating a favorable environment for conception. Personalized immune [...]","protected":false},"author":1,"featured_media":0,"parent":0,"menu_order":0,"comment_status":"closed","ping_status":"closed","template":"","meta":{"footnotes":""},"class_list":["post-9679","page","type-page","status-publish","hentry"],"_links":{"self":[{"href":"https:\/\/kindofhealth.com\/tr\/wp-json\/wp\/v2\/pages\/9679","targetHints":{"allow":["GET"]}}],"collection":[{"href":"https:\/\/kindofhealth.com\/tr\/wp-json\/wp\/v2\/pages"}],"about":[{"href":"https:\/\/kindofhealth.com\/tr\/wp-json\/wp\/v2\/types\/page"}],"author":[{"embeddable":true,"href":"https:\/\/kindofhealth.com\/tr\/wp-json\/wp\/v2\/users\/1"}],"replies":[{"embeddable":true,"href":"https:\/\/kindofhealth.com\/tr\/wp-json\/wp\/v2\/comments?post=9679"}],"version-history":[{"count":1,"href":"https:\/\/kindofhealth.com\/tr\/wp-json\/wp\/v2\/pages\/9679\/revisions"}],"predecessor-version":[{"id":9680,"href":"https:\/\/kindofhealth.com\/tr\/wp-json\/wp\/v2\/pages\/9679\/revisions\/9680"}],"wp:attachment":[{"href":"https:\/\/kindofhealth.com\/tr\/wp-json\/wp\/v2\/media?parent=9679"}],"curies":[{"name":"wp","href":"https:\/\/api.w.org\/{rel}","templated":true}]}}