{"id":9683,"date":"2025-08-13T20:52:42","date_gmt":"2025-08-13T20:52:42","guid":{"rendered":"https:\/\/kindofhealth.com\/?page_id=9683"},"modified":"2025-08-13T20:52:46","modified_gmt":"2025-08-13T20:52:46","slug":"ovarian-rejuvenation","status":"publish","type":"page","link":"https:\/\/kindofhealth.com\/tr\/ovarian-rejuvenation\/","title":{"rendered":"Yumurtal\u0131k Gen\u00e7le\u015ftirme"},"content":{"rendered":"<div class=\"wpb-content-wrapper\">\n<div class=\"vc_row wpb_row vc_row-fluid\"><div class=\"wpb_column vc_column_container vc_col-sm-12\"><div class=\"vc_column-inner\" ><div class=\"wpb_wrapper\"><div class=\"dt-sc-title  title-left  sep-bottom dt-sc-simple-title\"><h2>Yumurtal\u0131k Gen\u00e7le\u015ftirme<\/h2><\/div>\n\t<div class=\"wpb_text_column wpb_content_element\" >\n\t\t<div class=\"wpb_wrapper\">\n\t\t\t<p>This innovative procedure aims to stimulate dormant follicles, potentially increasing the chances of conception either naturally or through assisted reproductive techniques such as IVF.<\/p>\n\n\t\t<\/div>\n\t<\/div>\n<ul class='dt-sc-fancy-list   circle-bullet'>\n<li>Enhances ovarian function and follicle development<\/li>\n<li>Improves egg quality for better fertilization rates<\/li>\n<li>Supports natural conception or IVF success<\/li>\n<li>Minimally invasive procedure<\/li>\n<li>Tailored to each patient\u2019s hormonal profile<\/li>\n<\/ul><div class=\"vc_empty_space\"   style=\"height: 60px\"><span class=\"vc_empty_space_inner\"><\/span><\/div>\n\t<div class=\"wpb_text_column wpb_content_element\" >\n\t\t<div class=\"wpb_wrapper\">\n\t\t\t<p class=\"translation-block\"><strong style=\"color: #343434;\">Who Can Benefit from Ovarian Rejuvenation:<\/strong> Women with low ovarian reserve, advanced maternal age, or previous unsuccessful IVF cycles may benefit from this treatment.<\/p>\n<br>\n<p class=\"translation-block\"><strong style=\"color: #343434;\">Procedure Overview:<\/strong> Ovarian Rejuvenation may involve platelet-rich plasma (PRP) injections or stem cell techniques to stimulate ovarian tissue and promote follicle growth.<\/p>\n\n\t\t<\/div>\n\t<\/div>\n<\/div><\/div><\/div><\/div><div class=\"vc_row wpb_row vc_row-fluid\"><div class=\"wpb_column vc_column_container vc_col-sm-12\"><div class=\"vc_column-inner\" ><div class=\"wpb_wrapper\"><div class=\"vc_empty_space\"   style=\"height: 50px\"><span class=\"vc_empty_space_inner\"><\/span><\/div><\/div><\/div><\/div><\/div><div class=\"vc_row wpb_row vc_row-fluid\"><div class=\"wpb_column vc_column_container vc_col-sm-12\"><div class=\"vc_column-inner\" ><div class=\"wpb_wrapper\"><div class='dt-sc-toggle-frame-set dt-sc-circle-listed'><h5 class='dt-sc-toggle-accordion'><a href='#'>Step 1: Assessment and Consultation<\/a><\/h5><div class=\"dt-sc-toggle-content\" style=\"display: none;\"><div class=\"block\"><div class=\"wpb_text_column wpb_content_element vc_custom_1462165632546\" >\n\t\t<div class=\"wpb_wrapper\">\n\t\t\t<p class=\"translation-block\">Comprehensive fertility assessments including hormonal evaluations, ultrasound scans, and medical history review determine suitability for Ovarian Rejuvenation.\r\n<br><br>\r\nFor detailed guidance, visit <a href=\"#\" target=\"_self\">our pre-treatment assessment guide<\/a><\/p>\n\n\t\t<\/div>\n\t<\/div><\/div><\/div>\n\n<h5 class='dt-sc-toggle-accordion'><a href='#'>Step 2: Treatment Procedure<\/a><\/h5><div class=\"dt-sc-toggle-content\" style=\"display: none;\"><div class=\"block\"><div class=\"wpb_text_column wpb_content_element vc_custom_1462165632546\" >\n\t\t<div class=\"wpb_wrapper\">\n\t\t\t<p class=\"translation-block\">The procedure may involve minimally invasive techniques such as PRP injections into the ovarian tissue or stem cell-based therapies to enhance ovarian response.\r\n<br><br>\r\nLearn more at <a href=\"#\" target=\"_self\">our procedure overview<\/a><\/p>\n\n\t\t<\/div>\n\t<\/div><\/div><\/div>\n\n<h5 class='dt-sc-toggle-accordion'><a href='#'>Step 3: Follow-Up and Monitoring<\/a><\/h5><div class=\"dt-sc-toggle-content\" style=\"display: none;\"><div class=\"block\"><div class=\"wpb_text_column wpb_content_element vc_custom_1462165632546\" >\n\t\t<div class=\"wpb_wrapper\">\n\t\t\t<p class=\"translation-block\">Regular follow-ups monitor hormonal levels, follicle development, and overall ovarian response to ensure optimal outcomes and readiness for conception or IVF.\r\n<br><br>\r\nSee <a href=\"#\" target=\"_self\">our post-treatment care recommendations<\/a><\/p>\n\n\t\t<\/div>\n\t<\/div><\/div><\/div><\/div><\/div><\/div><\/div><\/div><div class=\"vc_row wpb_row vc_row-fluid\"><div class=\"wpb_column vc_column_container vc_col-sm-12\"><div class=\"vc_column-inner\" ><div class=\"wpb_wrapper\"><div class=\"vc_empty_space\"   style=\"height: 80px\"><span class=\"vc_empty_space_inner\"><\/span><\/div><\/div><\/div><\/div><\/div><div class=\"vc_row wpb_row vc_row-fluid\"><div class=\"wpb_column vc_column_container vc_col-sm-6\"><div class=\"vc_column-inner\" ><div class=\"wpb_wrapper\"><div class='dt-sc-icon-box type5'><div class=\"icon-wrapper\"><span class='fa fa-question'> <\/span><\/div><div class=\"icon-content\"><h4>Considering Ovarian Rejuvenation?<\/h4><p class=\"translation-block\">Ovarian Rejuvenation offers women the opportunity to improve ovarian function, increase fertility potential, and enhance the chances of successful conception.\r\n\r\n<a href=\"#\" target=\"_self\">Learn More\u2026<\/a><\/p><\/div><\/div><\/div><\/div><\/div><div class=\"wpb_column vc_column_container vc_col-sm-6\"><div class=\"vc_column-inner\" ><div class=\"wpb_wrapper\"><div class='dt-sc-icon-box type5 last'><div class=\"icon-wrapper\"><span class='fa fa-female'> <\/span><\/div><div class=\"icon-content\"><h4>Who Should Consider It?<\/h4><p class=\"translation-block\">Women with diminished ovarian reserve, advanced age, or previous IVF failures are ideal candidates for this fertility-enhancing procedure.\r\n\r\n<a href=\"#\" target=\"_self\">Learn More\u2026<\/a><\/p><\/div><\/div><\/div><\/div><\/div><\/div>\n<\/div>","protected":false},"excerpt":{"rendered":"Ovarian Rejuvenation This innovative procedure aims to stimulate dormant follicles, potentially increasing the chances of conception either naturally or through assisted reproductive techniques such as IVF. Enhances ovarian function and [...]","protected":false},"author":1,"featured_media":0,"parent":0,"menu_order":0,"comment_status":"closed","ping_status":"closed","template":"","meta":{"footnotes":""},"class_list":["post-9683","page","type-page","status-publish","hentry"],"_links":{"self":[{"href":"https:\/\/kindofhealth.com\/tr\/wp-json\/wp\/v2\/pages\/9683","targetHints":{"allow":["GET"]}}],"collection":[{"href":"https:\/\/kindofhealth.com\/tr\/wp-json\/wp\/v2\/pages"}],"about":[{"href":"https:\/\/kindofhealth.com\/tr\/wp-json\/wp\/v2\/types\/page"}],"author":[{"embeddable":true,"href":"https:\/\/kindofhealth.com\/tr\/wp-json\/wp\/v2\/users\/1"}],"replies":[{"embeddable":true,"href":"https:\/\/kindofhealth.com\/tr\/wp-json\/wp\/v2\/comments?post=9683"}],"version-history":[{"count":1,"href":"https:\/\/kindofhealth.com\/tr\/wp-json\/wp\/v2\/pages\/9683\/revisions"}],"predecessor-version":[{"id":9684,"href":"https:\/\/kindofhealth.com\/tr\/wp-json\/wp\/v2\/pages\/9683\/revisions\/9684"}],"wp:attachment":[{"href":"https:\/\/kindofhealth.com\/tr\/wp-json\/wp\/v2\/media?parent=9683"}],"curies":[{"name":"wp","href":"https:\/\/api.w.org\/{rel}","templated":true}]}}