{"id":9685,"date":"2025-08-13T20:54:09","date_gmt":"2025-08-13T20:54:09","guid":{"rendered":"https:\/\/kindofhealth.com\/?page_id=9685"},"modified":"2025-08-29T14:17:50","modified_gmt":"2025-08-29T14:17:50","slug":"preimplantation-genetic-diagnosis-pgd","status":"publish","type":"page","link":"https:\/\/kindofhealth.com\/tr\/preimplantation-genetic-diagnosis-pgd\/","title":{"rendered":"Cinsiyet Se\u00e7imi (PGD)"},"content":{"rendered":"<div class=\"wpb-content-wrapper\"><div class=\"vc_row wpb_row vc_row-fluid\"><div class=\"wpb_column vc_column_container vc_col-sm-12\"><div class=\"vc_column-inner\" ><div class=\"wpb_wrapper\">\n\t<div class=\"wpb_text_column wpb_content_element\" >\n\t\t<div class=\"wpb_wrapper\">\n\t\t\t\n\t\t<\/div>\n\t<\/div>\n<\/div><\/div><\/div><\/div><div class=\"vc_row wpb_row vc_row-fluid\"><div class=\"wpb_column vc_column_container vc_col-sm-12\"><div class=\"vc_column-inner\" ><div class=\"wpb_wrapper\"><div class=\"dt-sc-title  title-left  sep-bottom dt-sc-simple-title\"><h2>Cinsiyet Se\u00e7imi (PGD)<\/h2><\/div>\n\t<div class=\"wpb_text_column wpb_content_element\" >\n\t\t<div class=\"wpb_wrapper\">\n\t\t\t<p>PGD, \u00e7iftlerin t\u00fcp bebek s\u00fcrecinde embriyolar\u0131 belirli genetik durumlar, kromozomal anormallikler veya kal\u0131tsal hastal\u0131klar a\u00e7\u0131s\u0131ndan taramas\u0131na olanak tan\u0131r ve bilin\u00e7li kararlar almalar\u0131na yard\u0131mc\u0131 olur.<\/p>\n\n\t\t<\/div>\n\t<\/div>\n<ul class='dt-sc-fancy-list   circle-bullet'>\n<li>Embriyolarda genetik ve kromozomal bozukluklar\u0131 tespit eder<\/li>\n<li>Kal\u0131tsal hastal\u0131k riskini azalt\u0131r<\/li>\n<li>Sa\u011fl\u0131kl\u0131 embriyolar\u0131n transfer i\u00e7in se\u00e7ilmesini destekler<\/li>\n<li>Ba\u015far\u0131y\u0131 art\u0131rmak i\u00e7in t\u00fcp bebek ile birlikte kullan\u0131l\u0131r<\/li>\n<li>Bilinen genetik riskleri olan \u00e7iftlere g\u00fcvence sa\u011flar<\/li>\n<\/ul><div class=\"vc_empty_space\"   style=\"height: 60px\"><span class=\"vc_empty_space_inner\"><\/span><\/div>\n\t<div class=\"wpb_text_column wpb_content_element\" >\n\t\t<div class=\"wpb_wrapper\">\n\t\t\t<p class=\"translation-block\"><strong style=\"color: #343434\">PGD\u2019den Kimler Yararlanabilir:<\/strong> \n<p>Genetik hastal\u0131k \u00f6yk\u00fcs\u00fc olan, tekrarlayan d\u00fc\u015f\u00fck ya\u015fayan veya ileri anne ya\u015f\u0131 olan \u00e7iftler PGD\u2019den fayda g\u00f6rebilir.<\/p><\/p>\n<br>\n<p class=\"translation-block\"><strong style=\"color: #343434\">\u0130\u015flem \u00d6zeti:<\/strong>\n<p>PGD, t\u00fcp bebek ile olu\u015fturulan embriyolardan birka\u00e7 h\u00fccrenin al\u0131nmas\u0131n\u0131 ve ard\u0131ndan en sa\u011fl\u0131kl\u0131 embriyolar\u0131n transfer i\u00e7in se\u00e7ilmesini sa\u011flayan genetik testi i\u00e7erir.<\/p><\/p>\n\n\t\t<\/div>\n\t<\/div>\n<\/div><\/div><\/div><\/div><div class=\"vc_row wpb_row vc_row-fluid\"><div class=\"wpb_column vc_column_container vc_col-sm-12\"><div class=\"vc_column-inner\" ><div class=\"wpb_wrapper\"><div class=\"vc_empty_space\"   style=\"height: 50px\"><span class=\"vc_empty_space_inner\"><\/span><\/div><\/div><\/div><\/div><\/div><div class=\"vc_row wpb_row vc_row-fluid\"><div class=\"wpb_column vc_column_container vc_col-sm-12\"><div class=\"vc_column-inner\" ><div class=\"wpb_wrapper\"><div class='dt-sc-toggle-frame-set dt-sc-circle-listed'><h5 class='dt-sc-toggle-accordion'><a href='#'>Step 1: Initial Consultation and Assessment<\/a><\/h5><div class=\"dt-sc-toggle-content\" style=\"display: none;\"><div class=\"block\"><div class=\"wpb_text_column wpb_content_element vc_custom_1462165632546\" >\n\t\t<div class=\"wpb_wrapper\">\n\t\t\t<p class=\"translation-block\"><p>Kapsaml\u0131 t\u0131bbi ge\u00e7mi\u015f, aile geneti\u011fi ve fertilite durumu de\u011ferlendirmesi, PGD i\u00e7in uygunlu\u011fu belirler ve t\u00fcp bebek tedavisi i\u00e7in en iyi haz\u0131rl\u0131\u011f\u0131 sa\u011flar.<\/p>\n<br>\n<p>Detayl\u0131 rehberlik i\u00e7in <a href=\"#\" target=\"_self\">tedavi \u00f6ncesi de\u011ferlendirme rehberimizi<\/a> inceleyin.<\/p><\/p>\n\n\t\t<\/div>\n\t<\/div><\/div><\/div><h5 class='dt-sc-toggle-accordion'><a href='#'>Ad\u0131m 2: T\u00fcp Bebek ile Embriyo Olu\u015fturma<\/a><\/h5><div class=\"dt-sc-toggle-content\" style=\"display: none;\"><div class=\"block\"><div class=\"wpb_text_column wpb_content_element vc_custom_1462165632546\" >\n\t\t<div class=\"wpb_wrapper\">\n\t\t\t<p class=\"translation-block\"><p>Yumurtalar toplan\u0131r ve t\u00fcp bebek y\u00f6ntemiyle laboratuvarda d\u00f6llenir. Embriyolar, genetik analiz i\u00e7in haz\u0131rlanmak \u00fczere kontroll\u00fc ko\u015fullar alt\u0131nda k\u00fclt\u00fcrlenir.<\/p>\n<br>\n<p>Daha fazla bilgi i\u00e7in <a href=\"#\" target=\"_self\">t\u00fcp bebek s\u00fcreci genel bak\u0131\u015f\u0131m\u0131z\u0131<\/a> inceleyin.<\/p><\/p>\n\n\t\t<\/div>\n\t<\/div><\/div><\/div><h5 class='dt-sc-toggle-accordion'><a href='#'>Ad\u0131m 3: Genetik Test ve Embriyo Se\u00e7imi<\/a><\/h5><div class=\"dt-sc-toggle-content\" style=\"display: none;\"><div class=\"block\"><div class=\"wpb_text_column wpb_content_element vc_custom_1462165632546\" >\n\t\t<div class=\"wpb_wrapper\">\n\t\t\t<p class=\"translation-block\"><p>Her embriyodan birka\u00e7 h\u00fccre dikkatlice biyopsi ile al\u0131n\u0131r ve belirli genetik durumlar i\u00e7in test edilir. Tespit edilen anormallik bulunmayan embriyolar sadece transfer i\u00e7in se\u00e7ilir.<\/p>\n<br>\n<p>Detaylar i\u00e7in <a href=\"#\" target=\"_self\">genetik test rehberimizi<\/a> inceleyin.<\/p><\/p>\n\n\t\t<\/div>\n\t<\/div><\/div><\/div><h5 class='dt-sc-toggle-accordion'><a href='#'>Ad\u0131m 4: Embriyo Transferi ve Takip<\/a><\/h5><div class=\"dt-sc-toggle-content\" style=\"display: none;\"><div class=\"block\"><div class=\"wpb_text_column wpb_content_element vc_custom_1462165632546\" >\n\t\t<div class=\"wpb_wrapper\">\n\t\t\t<p class=\"translation-block\"><p>Sa\u011fl\u0131kl\u0131 embriyolar rahme transfer edilir ve ba\u015far\u0131l\u0131 bir sonu\u00e7 i\u00e7in implantasyon ve erken gebelik dikkatle takip edilir.<\/p>\n<br>\n<p>Transfer sonras\u0131 \u00f6neriler i\u00e7in <a href=\"#\" target=\"_self\">tedavi sonras\u0131 bak\u0131m rehberimizi<\/a> inceleyin.<\/p><\/p>\n\n\t\t<\/div>\n\t<\/div><\/div><\/div><\/div><\/div><\/div><\/div><\/div><div class=\"vc_row wpb_row vc_row-fluid\"><div class=\"wpb_column vc_column_container vc_col-sm-12\"><div class=\"vc_column-inner\" ><div class=\"wpb_wrapper\"><div class=\"vc_empty_space\"   style=\"height: 80px\"><span class=\"vc_empty_space_inner\"><\/span><\/div><\/div><\/div><\/div><\/div><div class=\"vc_row wpb_row vc_row-fluid\"><div class=\"wpb_column vc_column_container vc_col-sm-6\"><div class=\"vc_column-inner\" ><div class=\"wpb_wrapper\"><div class='dt-sc-icon-box type5'><div class=\"icon-wrapper\"><span class='fa fa-question'> <\/span><\/div><div class=\"icon-content\"><h4>PGD\u2019yi D\u00fc\u015f\u00fcn\u00fcyor musunuz?<\/h4><p>PGD, \u00e7iftlere genetik riskleri en aza indirme ve dikkatli embriyo se\u00e7imi ile sa\u011fl\u0131kl\u0131 bir gebelik \u015fans\u0131n\u0131 art\u0131rma imk\u00e2n\u0131 sunar.<\/p>\n<p><a href=\"#\">Learn More&#8230;<\/a><\/p><\/div><\/div><\/div><\/div><\/div><div class=\"wpb_column vc_column_container vc_col-sm-6\"><div class=\"vc_column-inner\" ><div class=\"wpb_wrapper\"><div class='dt-sc-icon-box type5 last'><div class=\"icon-wrapper\"><span class='fa fa-female'> <\/span><\/div><div class=\"icon-content\"><h4>PGD\u2019yi Kimler D\u00fc\u015f\u00fcnmelidir?<\/h4><p>Bilinen genetik bozukluklar\u0131 olan, tekrarlayan gebelik kay\u0131plar\u0131 ya\u015fayan veya ileri anne ya\u015f\u0131 bulunan \u00e7iftler, bu \u00f6zel genetik tarama i\u015flemi i\u00e7in ideal adaylard\u0131r.<\/p>\n<p><a href=\"#\">Learn More&#8230;<\/a><\/p><\/div><\/div><\/div><\/div><\/div><\/div><div class=\"vc_row wpb_row vc_row-fluid\"><div class=\"wpb_column vc_column_container vc_col-sm-12\"><div class=\"vc_column-inner\" ><div class=\"wpb_wrapper\">\n\t<div class=\"wpb_text_column wpb_content_element\" >\n\t\t<div class=\"wpb_wrapper\">\n\t\t\t\n\t\t<\/div>\n\t<\/div>\n<\/div><\/div><\/div><\/div>\n<\/div>","protected":false},"excerpt":{"rendered":"Gender Selection (PGD) PGD allows couples to screen embryos for specific genetic conditions, chromosomal abnormalities, or hereditary diseases, helping them make informed decisions during the IVF process. Detects genetic and [...]","protected":false},"author":1,"featured_media":0,"parent":0,"menu_order":0,"comment_status":"closed","ping_status":"closed","template":"","meta":{"footnotes":""},"class_list":["post-9685","page","type-page","status-publish","hentry"],"_links":{"self":[{"href":"https:\/\/kindofhealth.com\/tr\/wp-json\/wp\/v2\/pages\/9685","targetHints":{"allow":["GET"]}}],"collection":[{"href":"https:\/\/kindofhealth.com\/tr\/wp-json\/wp\/v2\/pages"}],"about":[{"href":"https:\/\/kindofhealth.com\/tr\/wp-json\/wp\/v2\/types\/page"}],"author":[{"embeddable":true,"href":"https:\/\/kindofhealth.com\/tr\/wp-json\/wp\/v2\/users\/1"}],"replies":[{"embeddable":true,"href":"https:\/\/kindofhealth.com\/tr\/wp-json\/wp\/v2\/comments?post=9685"}],"version-history":[{"count":2,"href":"https:\/\/kindofhealth.com\/tr\/wp-json\/wp\/v2\/pages\/9685\/revisions"}],"predecessor-version":[{"id":9959,"href":"https:\/\/kindofhealth.com\/tr\/wp-json\/wp\/v2\/pages\/9685\/revisions\/9959"}],"wp:attachment":[{"href":"https:\/\/kindofhealth.com\/tr\/wp-json\/wp\/v2\/media?parent=9685"}],"curies":[{"name":"wp","href":"https:\/\/api.w.org\/{rel}","templated":true}]}}