{"id":9966,"date":"2025-08-31T00:08:15","date_gmt":"2025-08-31T00:08:15","guid":{"rendered":"https:\/\/kindofhealth.com\/?page_id=9966"},"modified":"2025-08-31T00:12:41","modified_gmt":"2025-08-31T00:12:41","slug":"how-does-the-ivf-process-begin","status":"publish","type":"page","link":"https:\/\/kindofhealth.com\/tr\/how-does-the-ivf-process-begin\/","title":{"rendered":"T\u00fcp Bebek S\u00fcreci Nas\u0131l Ba\u015flar?"},"content":{"rendered":"<div class=\"wpb-content-wrapper\">\n<pre class=\"wp-block-code\"><code><\/code><\/pre>\n\n\n<div class=\"vc_row wpb_row vc_row-fluid\"><div class=\"wpb_column vc_column_container vc_col-sm-12\"><div class=\"vc_column-inner\" ><div class=\"wpb_wrapper\"><div class=\"dt-sc-title  title-left  sep-bottom dt-sc-simple-title\"><h2>T\u00fcp Bebek S\u00fcreci \u2013 Ad\u0131m Ad\u0131m<\/h2><\/div>\n\t<div class=\"wpb_text_column wpb_content_element\" >\n\t\t<div class=\"wpb_wrapper\">\n\t\t\t<p><strong>T\u00fcp Bebek S\u00fcrecinin Ana Ad\u0131mlar\u0131:<\/strong><\/p>\n\n\t\t<\/div>\n\t<\/div>\n<ul class='dt-sc-fancy-list   circle-bullet'>\n<li>Her iki partner i\u00e7in kapsaml\u0131 t\u0131bbi testler<\/li>\n<li>Hormon enjeksiyonlar\u0131 ile yumurtal\u0131k uyar\u0131m\u0131<\/li>\n<li>T\u0131bbi g\u00f6zetim alt\u0131nda yumurta toplama<\/li>\n<li>Sperm toplama ve haz\u0131rlama<\/li>\n<li>Laboratuvarda d\u00f6llenme ve embriyo k\u00fclt\u00fcr\u00fc<\/li>\n<li>Embryo transfer to the uterus<\/li>\n<li>Embriyo transferi sonras\u0131 bak\u0131m ve gebelik testi<\/li>\n<\/ul><div class=\"vc_empty_space\"   style=\"height: 60px\"><span class=\"vc_empty_space_inner\"><\/span><\/div><div class='dt-sc-toggle-frame-set dt-sc-circle-listed'><h5 class='dt-sc-toggle-accordion'><a href='#'>Ad\u0131m 1: \u0130lk Testler ve Muayeneler<\/a><\/h5><div class=\"dt-sc-toggle-content\" style=\"display: none;\"><div class=\"block\"><div class=\"wpb_text_column wpb_content_element\" >\n\t\t<div class=\"wpb_wrapper\">\n\t\t\t<p>\nYolculuk, her iki partner i\u00e7in yap\u0131lan t\u0131bbi testlerle ba\u015flar. Bunlar \u015funlar\u0131 i\u00e7erir:<\/p>\n<ul>\n<li>Hormon testleri (yumurtal\u0131k fonksiyonunu de\u011ferlendirmek i\u00e7in)<\/li>\n<li>AMH testi (yumurtal\u0131k rezervini kontrol etmek i\u00e7in)<\/li>\n<li>Seroloji testleri (viral ve bula\u015f\u0131c\u0131 hastal\u0131klar\u0131 d\u0131\u015flamak i\u00e7in)<\/li>\n<\/ul>\n\n\t\t<\/div>\n\t<\/div><\/div><\/div>\n<h5 class='dt-sc-toggle-accordion'><a href='#'>Ad\u0131m 2: Yumurtal\u0131k Uyar\u0131m\u0131<\/a><\/h5><div class=\"dt-sc-toggle-content\" style=\"display: none;\"><div class=\"block\"><div class=\"wpb_text_column wpb_content_element\" >\n\t\t<div class=\"wpb_wrapper\">\n\t\t\t<p>\nUyar\u0131m genellikle adet d\u00f6ng\u00fcs\u00fcn\u00fcn 2. veya 3. g\u00fcn\u00fcnde ba\u015flar. Hasta, yakla\u015f\u0131k 10\u201312 g\u00fcn boyunca g\u00fcnl\u00fck hormon enjeksiyonlar\u0131 al\u0131r ve d\u00fczenli ultrason ve kan testleri ile takip edilir.<\/p>\n\n\t\t<\/div>\n\t<\/div><\/div><\/div>\n<h5 class='dt-sc-toggle-accordion'><a href='#'>Ad\u0131m 3: Tetikleyici Enjeksiyon<\/a><\/h5><div class=\"dt-sc-toggle-content\" style=\"display: none;\"><div class=\"block\"><div class=\"wpb_text_column wpb_content_element\" >\n\t\t<div class=\"wpb_wrapper\">\n\t\t\t<p>\nYumurtalar istenilen boyuta ula\u015ft\u0131\u011f\u0131nda, toplama i\u015flemine haz\u0131rlanmak i\u00e7in olgunla\u015fmalar\u0131n\u0131 sa\u011flamak amac\u0131yla tetikleyici enjeksiyon yap\u0131l\u0131r.<\/p>\n\n\t\t<\/div>\n\t<\/div><\/div><\/div>\n<h5 class='dt-sc-toggle-accordion'><a href='#'>Ad\u0131m 4: Yumurta Toplama ve Sperm Toplama<\/a><\/h5><div class=\"dt-sc-toggle-content\" style=\"display: none;\"><div class=\"block\"><div class=\"wpb_text_column wpb_content_element\" >\n\t\t<div class=\"wpb_wrapper\">\n\t\t\t<p>\nTetikleyici enjeksiyondan yakla\u015f\u0131k 36\u201348 saat sonra yumurtalar yumurtal\u0131klardan toplan\u0131r. Ayn\u0131 g\u00fcn, partnerden (3 g\u00fcn cinsel perhiz sonras\u0131) sperm \u00f6rne\u011fi al\u0131n\u0131r.<\/p>\n\n\t\t<\/div>\n\t<\/div><\/div><\/div>\n<h5 class='dt-sc-toggle-accordion'><a href='#'>Ad\u0131m 5: Embriyo D\u00f6llenmesi ve Geli\u015fimi<\/a><\/h5><div class=\"dt-sc-toggle-content\" style=\"display: none;\"><div class=\"block\"><div class=\"wpb_text_column wpb_content_element\" >\n\t\t<div class=\"wpb_wrapper\">\n\t\t\t<p>\nToplanan yumurtalar laboratuvarda sperm ile d\u00f6llenir. Embriyologlar taraf\u0131ndan embriyo geli\u015fimi yak\u0131ndan izlenir.<\/p>\n\n\t\t<\/div>\n\t<\/div><\/div><\/div>\n<h5 class='dt-sc-toggle-accordion'><a href='#'>Ad\u0131m 6: Embriyo Transferi<\/a><\/h5><div class=\"dt-sc-toggle-content\" style=\"display: none;\"><div class=\"block\"><div class=\"wpb_text_column wpb_content_element\" >\n\t\t<div class=\"wpb_wrapper\">\n\t\t\t<p>\n5 g\u00fcn sonra, en kaliteli embriyolar rahme transfer edilir. Ba\u015far\u0131l\u0131 implantasyon i\u00e7in endometriyal tabakan\u0131n haz\u0131rlanmas\u0131n\u0131 destekleyen ek ila\u00e7lar verilir.<\/p>\n\n\t\t<\/div>\n\t<\/div><\/div><\/div>\n<h5 class='dt-sc-toggle-accordion'><a href='#'>Ad\u0131m 7: Transfer Sonras\u0131 Bak\u0131m<\/a><\/h5><div class=\"dt-sc-toggle-content\" style=\"display: none;\"><div class=\"block\"><div class=\"wpb_text_column wpb_content_element\" >\n\t\t<div class=\"wpb_wrapper\">\n\t\t\t<p>\nHastalara dinlenmeleri, a\u011f\u0131r kald\u0131rmaktan ka\u00e7\u0131nmalar\u0131, sa\u011fl\u0131kl\u0131 beslenmeleri ve re\u00e7ete edilen t\u00fcm ila\u00e7lar\u0131 dikkatle kullanmalar\u0131 \u00f6nerilir.<\/p>\n\n\t\t<\/div>\n\t<\/div><\/div><\/div>\n<h5 class='dt-sc-toggle-accordion'><a href='#'>Ad\u0131m 8: Gebelik Testi<\/a><\/h5><div class=\"dt-sc-toggle-content\" style=\"display: none;\"><div class=\"block\"><div class=\"wpb_text_column wpb_content_element\" >\n\t\t<div class=\"wpb_wrapper\">\n\t\t\t<p>\nEmbriyo transferinden on iki g\u00fcn sonra gebeli\u011fi do\u011frulamak i\u00e7in kan testi yap\u0131l\u0131r.<\/p>\n\n\t\t<\/div>\n\t<\/div><\/div><\/div><\/div><\/div><\/div><\/div><\/div><div class=\"vc_row wpb_row vc_row-fluid\"><div class=\"wpb_column vc_column_container vc_col-sm-6\"><div class=\"vc_column-inner\" ><div class=\"wpb_wrapper\"><div class='dt-sc-icon-box type5'><div class=\"icon-wrapper\"><span class='fa fa-question'> <\/span><\/div><div class=\"icon-content\"><h4>T\u00fcp Bebek Benim \u0130\u00e7in Uygun mu?<\/h4><p><p>Uzmanlar\u0131m\u0131z, t\u00fcp bebe\u011fin sizin i\u00e7in do\u011fru tedavi olup olmad\u0131\u011f\u0131n\u0131 anlaman\u0131za yard\u0131mc\u0131 olacak ki\u015fiye \u00f6zel rehberlik sunar. Her durum e\u015fsizdir ve \u00f6zenle de\u011ferlendirilir.<\/p>\n<p><a href=\"#\">Learn More&#8230;<\/a><\/p><\/div><\/div><\/div><\/div><\/div><div class=\"wpb_column vc_column_container vc_col-sm-6\"><div class=\"vc_column-inner\" ><div class=\"wpb_wrapper\"><div class='dt-sc-icon-box type5 last'><div class=\"icon-wrapper\"><span class='fa fa-female'> <\/span><\/div><div class=\"icon-content\"><h4>T\u00fcp Bebek Uzmanlar\u0131m\u0131zla Konu\u015fun<\/h4><p><p>T\u00fcp bebek ve fertilite bak\u0131m\u0131yla ilgili profesyonel tavsiye almak i\u00e7in t\u0131bbi ekibimizle bir dan\u0131\u015fma randevusu ayarlay\u0131n. Ebeveynlik yolculu\u011funuzun her a\u015famas\u0131nda size destek sa\u011fl\u0131yoruz.<\/p>\n<p><a href=\"#\">Learn More&#8230;<\/a><\/p><\/div><\/div><\/div><\/div><\/div><\/div>\n<\/div>","protected":false},"excerpt":{"rendered":"IVF Process \u2013 Step by Step Main Steps of the IVF Process: Comprehensive medical tests for both partners Ovarian stimulation with hormone injections Egg retrieval under medical supervision Sperm collection [...]","protected":false},"author":1,"featured_media":0,"parent":0,"menu_order":0,"comment_status":"closed","ping_status":"closed","template":"","meta":{"footnotes":""},"class_list":["post-9966","page","type-page","status-publish","hentry"],"_links":{"self":[{"href":"https:\/\/kindofhealth.com\/tr\/wp-json\/wp\/v2\/pages\/9966","targetHints":{"allow":["GET"]}}],"collection":[{"href":"https:\/\/kindofhealth.com\/tr\/wp-json\/wp\/v2\/pages"}],"about":[{"href":"https:\/\/kindofhealth.com\/tr\/wp-json\/wp\/v2\/types\/page"}],"author":[{"embeddable":true,"href":"https:\/\/kindofhealth.com\/tr\/wp-json\/wp\/v2\/users\/1"}],"replies":[{"embeddable":true,"href":"https:\/\/kindofhealth.com\/tr\/wp-json\/wp\/v2\/comments?post=9966"}],"version-history":[{"count":3,"href":"https:\/\/kindofhealth.com\/tr\/wp-json\/wp\/v2\/pages\/9966\/revisions"}],"predecessor-version":[{"id":9971,"href":"https:\/\/kindofhealth.com\/tr\/wp-json\/wp\/v2\/pages\/9966\/revisions\/9971"}],"wp:attachment":[{"href":"https:\/\/kindofhealth.com\/tr\/wp-json\/wp\/v2\/media?parent=9966"}],"curies":[{"name":"wp","href":"https:\/\/api.w.org\/{rel}","templated":true}]}}