{"id":9972,"date":"2025-08-31T00:24:08","date_gmt":"2025-08-31T00:24:08","guid":{"rendered":"https:\/\/kindofhealth.com\/?page_id=9972"},"modified":"2025-08-31T00:24:13","modified_gmt":"2025-08-31T00:24:13","slug":"egg-donation-ivf-ivf-with-donor-eggs","status":"publish","type":"page","link":"https:\/\/kindofhealth.com\/tr\/egg-donation-ivf-ivf-with-donor-eggs\/","title":{"rendered":"Egg Donation IVF (IVF with Donor Eggs)"},"content":{"rendered":"<div class=\"wpb-content-wrapper\"><div class=\"vc_row wpb_row vc_row-fluid\"><div class=\"wpb_column vc_column_container vc_col-sm-12\"><div class=\"vc_column-inner\" ><div class=\"wpb_wrapper\"><div class=\"dt-sc-title  title-left  sep-bottom dt-sc-simple-title\"><h2>IVF with Egg Donation \u2013 Step by Step<\/h2><\/div>\n\t<div class=\"wpb_text_column wpb_content_element\" >\n\t\t<div class=\"wpb_wrapper\">\n\t\t\t<p><strong>Main Steps of Egg Donation IVF:<\/strong><\/p>\n\n\t\t<\/div>\n\t<\/div>\n<ul class='dt-sc-fancy-list   circle-bullet'>\n<li>Selection of a healthy, young egg donor<\/li>\n<li>Matching donor characteristics with the recipient<\/li>\n<li>Recipient preparation with medication<\/li>\n<li>Egg retrieval from the donor<\/li>\n<li>Fertilization with partner\u2019s sperm in the laboratory<\/li>\n<li>Embryo development monitoring<\/li>\n<li>Embryo transfer to the recipient<\/li>\n<li>Embriyo transferi sonras\u0131 bak\u0131m ve gebelik testi<\/li>\n<\/ul><div class=\"vc_empty_space\"   style=\"height: 60px\"><span class=\"vc_empty_space_inner\"><\/span><\/div><div class='dt-sc-toggle-frame-set dt-sc-circle-listed'><h5 class='dt-sc-toggle-accordion'><a href='#'>Step 1: Why Egg Donation?<\/a><\/h5><div class=\"dt-sc-toggle-content\" style=\"display: none;\"><div class=\"block\"><div class=\"wpb_text_column wpb_content_element\" >\n\t\t<div class=\"wpb_wrapper\">\n\t\t\t<p>\nEgg Donation is recommended for women who cannot use their own eggs due to:<\/p>\n<ul>\n<li>Advanced maternal age (especially over 45)<\/li>\n<li>Premature menopause or ovarian failure<\/li>\n<li>Very low ovarian reserve (low AMH)<\/li>\n<li>Early onset of menopause<\/li>\n<li>History of medical treatments (such as chemotherapy) affecting ovaries<\/li>\n<\/ul>\n\n\t\t<\/div>\n\t<\/div><\/div><\/div>\n<h5 class='dt-sc-toggle-accordion'><a href='#'>Step 2: Donor Selection<\/a><\/h5><div class=\"dt-sc-toggle-content\" style=\"display: none;\"><div class=\"block\"><div class=\"wpb_text_column wpb_content_element\" >\n\t\t<div class=\"wpb_wrapper\">\n\t\t\t<p>\nDonors are young and healthy women carefully selected to match the recipient in:<\/p>\n<ul>\n<li>Eye color<\/li>\n<li>Hair color<\/li>\n<li>Skin tone<\/li>\n<li>Blood group and Rh factor (for medical compatibility)<\/li>\n<\/ul>\n\n\t\t<\/div>\n\t<\/div><\/div><\/div>\n<h5 class='dt-sc-toggle-accordion'><a href='#'>Step 3: Recipient Preparation<\/a><\/h5><div class=\"dt-sc-toggle-content\" style=\"display: none;\"><div class=\"block\"><div class=\"wpb_text_column wpb_content_element\" >\n\t\t<div class=\"wpb_wrapper\">\n\t\t\t<p>\nThe recipient does not undergo ovarian stimulation. Instead, medications are prescribed to prepare the uterus, including:<\/p>\n<ul>\n<li><strong>Estrofem (Estrogen):<\/strong> to strengthen the endometrium<\/li>\n<li><strong>Folic Acid:<\/strong> to support a healthy pregnancy<\/li>\n<li><strong>Coraspin (low-dose aspirin):<\/strong> to improve uterine blood flow<\/li>\n<\/ul>\n\n\t\t<\/div>\n\t<\/div><\/div><\/div>\n<h5 class='dt-sc-toggle-accordion'><a href='#'>Step 4: Egg Retrieval and Fertilization<\/a><\/h5><div class=\"dt-sc-toggle-content\" style=\"display: none;\"><div class=\"block\"><div class=\"wpb_text_column wpb_content_element\" >\n\t\t<div class=\"wpb_wrapper\">\n\t\t\t<p>\nEggs are collected from the donor and fertilized in the laboratory with the partner\u2019s sperm. At the same time, the recipient begins supportive medications such as hormonal injections, tablets, and vaginal progesterone.<\/p>\n\n\t\t<\/div>\n\t<\/div><\/div><\/div>\n<h5 class='dt-sc-toggle-accordion'><a href='#'>Step 5: Embryo Development<\/a><\/h5><div class=\"dt-sc-toggle-content\" style=\"display: none;\"><div class=\"block\"><div class=\"wpb_text_column wpb_content_element\" >\n\t\t<div class=\"wpb_wrapper\">\n\t\t\t<p>\nEmbryos are cultured and monitored for 5 days to ensure proper development before transfer.<\/p>\n\n\t\t<\/div>\n\t<\/div><\/div><\/div>\n<h5 class='dt-sc-toggle-accordion'><a href='#'>Ad\u0131m 6: Embriyo Transferi<\/a><\/h5><div class=\"dt-sc-toggle-content\" style=\"display: none;\"><div class=\"block\"><div class=\"wpb_text_column wpb_content_element\" >\n\t\t<div class=\"wpb_wrapper\">\n\t\t\t<p>\nHealthy embryos are transferred into the recipient\u2019s uterus once the endometrium is ready. Additional medications continue to support implantation.<\/p>\n\n\t\t<\/div>\n\t<\/div><\/div><\/div>\n<h5 class='dt-sc-toggle-accordion'><a href='#'>Ad\u0131m 7: Transfer Sonras\u0131 Bak\u0131m<\/a><\/h5><div class=\"dt-sc-toggle-content\" style=\"display: none;\"><div class=\"block\"><div class=\"wpb_text_column wpb_content_element\" >\n\t\t<div class=\"wpb_wrapper\">\n\t\t\t<p>\nThe recipient is advised to rest, avoid heavy lifting, eat a balanced diet, and strictly follow prescribed medications for the best outcome.<\/p>\n\n\t\t<\/div>\n\t<\/div><\/div><\/div>\n<h5 class='dt-sc-toggle-accordion'><a href='#'>Ad\u0131m 8: Gebelik Testi<\/a><\/h5><div class=\"dt-sc-toggle-content\" style=\"display: none;\"><div class=\"block\"><div class=\"wpb_text_column wpb_content_element\" >\n\t\t<div class=\"wpb_wrapper\">\n\t\t\t<p>\nEmbriyo transferinden on iki g\u00fcn sonra gebeli\u011fi do\u011frulamak i\u00e7in kan testi yap\u0131l\u0131r.<\/p>\n\n\t\t<\/div>\n\t<\/div><\/div><\/div><\/div><\/div><\/div><\/div><\/div><div class=\"vc_row wpb_row vc_row-fluid\"><div class=\"wpb_column vc_column_container vc_col-sm-6\"><div class=\"vc_column-inner\" ><div class=\"wpb_wrapper\"><div class='dt-sc-icon-box type5'><div class=\"icon-wrapper\"><span class='fa fa-question'> <\/span><\/div><div class=\"icon-content\"><h4>Is Egg Donation IVF Right for Me?<\/h4><p><p>Our specialists evaluate each case individually to determine whether Egg Donation IVF is the best treatment option. We ensure medical compatibility and a personalized approach for every patient.<\/p>\n<p><a href=\"#\">Learn More&#8230;<\/a><\/p><\/div><\/div><\/div><\/div><\/div><div class=\"wpb_column vc_column_container vc_col-sm-6\"><div class=\"vc_column-inner\" ><div class=\"wpb_wrapper\"><div class='dt-sc-icon-box type5 last'><div class=\"icon-wrapper\"><span class='fa fa-female'> <\/span><\/div><div class=\"icon-content\"><h4>T\u00fcp Bebek Uzmanlar\u0131m\u0131zla Konu\u015fun<\/h4><p><p>For detailed guidance about Egg Donation IVF, book a consultation with our fertility experts. We provide continuous support and care at every stage of your journey.<\/p>\n<p><a href=\"#\">Learn More&#8230;<\/a><\/p><\/div><\/div><\/div><\/div><\/div><\/div>\n<\/div>","protected":false},"excerpt":{"rendered":"IVF with Egg Donation \u2013 Step by Step Main Steps of Egg Donation IVF: Selection of a healthy, young egg donor Matching donor characteristics with the recipient Recipient preparation with [...]","protected":false},"author":1,"featured_media":0,"parent":0,"menu_order":0,"comment_status":"closed","ping_status":"closed","template":"","meta":{"footnotes":""},"class_list":["post-9972","page","type-page","status-publish","hentry"],"_links":{"self":[{"href":"https:\/\/kindofhealth.com\/tr\/wp-json\/wp\/v2\/pages\/9972","targetHints":{"allow":["GET"]}}],"collection":[{"href":"https:\/\/kindofhealth.com\/tr\/wp-json\/wp\/v2\/pages"}],"about":[{"href":"https:\/\/kindofhealth.com\/tr\/wp-json\/wp\/v2\/types\/page"}],"author":[{"embeddable":true,"href":"https:\/\/kindofhealth.com\/tr\/wp-json\/wp\/v2\/users\/1"}],"replies":[{"embeddable":true,"href":"https:\/\/kindofhealth.com\/tr\/wp-json\/wp\/v2\/comments?post=9972"}],"version-history":[{"count":1,"href":"https:\/\/kindofhealth.com\/tr\/wp-json\/wp\/v2\/pages\/9972\/revisions"}],"predecessor-version":[{"id":9973,"href":"https:\/\/kindofhealth.com\/tr\/wp-json\/wp\/v2\/pages\/9972\/revisions\/9973"}],"wp:attachment":[{"href":"https:\/\/kindofhealth.com\/tr\/wp-json\/wp\/v2\/media?parent=9972"}],"curies":[{"name":"wp","href":"https:\/\/api.w.org\/{rel}","templated":true}]}}