{"id":9975,"date":"2025-08-31T00:27:10","date_gmt":"2025-08-31T00:27:10","guid":{"rendered":"https:\/\/kindofhealth.com\/?page_id=9975"},"modified":"2025-08-31T00:27:15","modified_gmt":"2025-08-31T00:27:15","slug":"ivf-ngs-next-generation-sequencing","status":"publish","type":"page","link":"https:\/\/kindofhealth.com\/tr\/ivf-ngs-next-generation-sequencing\/","title":{"rendered":"T\u00fcp Bebek + NGS (Yeni Nesil Dizileme)"},"content":{"rendered":"<div class=\"wpb-content-wrapper\"><div class=\"vc_row wpb_row vc_row-fluid\"><div class=\"wpb_column vc_column_container vc_col-sm-12\"><div class=\"vc_column-inner\" ><div class=\"wpb_wrapper\"><div class=\"dt-sc-title  title-left  sep-bottom dt-sc-simple-title\"><h2>T\u00fcp Bebek ile NGS (Yeni Nesil Dizileme) \u2013 Ad\u0131m Ad\u0131m<\/h2><\/div>\n\t<div class=\"wpb_text_column wpb_content_element\" >\n\t\t<div class=\"wpb_wrapper\">\n\t\t\t<p><strong>T\u00fcp Bebek + NGS Ad\u0131mlar\u0131:<\/strong><\/p>\n\n\t\t<\/div>\n\t<\/div>\n<ul class='dt-sc-fancy-list   circle-bullet'>\n<li>Her iki partner i\u00e7in kapsaml\u0131 testler<\/li>\n<li>Hormon enjeksiyonlar\u0131 ile yumurtal\u0131k uyar\u0131m\u0131<\/li>\n<li>Yumurta toplama ve sperm toplama<\/li>\n<li>D\u00f6llenme ve embriyo k\u00fclt\u00fcr\u00fc (5. g\u00fcne kadar)<\/li>\n<li>Embriyolar\u0131n NGS analizi i\u00e7in biyopsisi<\/li>\n<li>Sonu\u00e7lar beklenirken embriyolar\u0131n dondurulmas\u0131<\/li>\n<li>Sa\u011fl\u0131kl\u0131 embriyolar\u0131n sonraki bir d\u00f6ng\u00fcde transferi<\/li>\n<li>Embriyo transferi sonras\u0131 bak\u0131m ve gebelik testi<\/li>\n<\/ul><div class=\"vc_empty_space\"   style=\"height: 60px\"><span class=\"vc_empty_space_inner\"><\/span><\/div><div class='dt-sc-toggle-frame-set dt-sc-circle-listed'><h5 class='dt-sc-toggle-accordion'><a href='#'>Ad\u0131m 1: \u0130lk Testler<\/a><\/h5><div class=\"dt-sc-toggle-content\" style=\"display: none;\"><div class=\"block\"><div class=\"wpb_text_column wpb_content_element\" >\n\t\t<div class=\"wpb_wrapper\">\n\t\t\t<p>\nHer iki partner de \u015fu temel t\u0131bbi testlerden ge\u00e7er:<\/p>\n<ul>\n<li>Hormon testleri (yumurtal\u0131k fonksiyonu i\u00e7in)<\/li>\n<li>AMH testi (yumurtal\u0131k rezervini de\u011ferlendirmek i\u00e7in)<\/li>\n<li>Seroloji testleri (bula\u015f\u0131c\u0131 hastal\u0131klar\u0131 kontrol etmek i\u00e7in)<\/li>\n<\/ul>\n\n\t\t<\/div>\n\t<\/div><\/div><\/div>\n<h5 class='dt-sc-toggle-accordion'><a href='#'>Ad\u0131m 2: Yumurtal\u0131k Uyar\u0131m\u0131<\/a><\/h5><div class=\"dt-sc-toggle-content\" style=\"display: none;\"><div class=\"block\"><div class=\"wpb_text_column wpb_content_element\" >\n\t\t<div class=\"wpb_wrapper\">\n\t\t\t<p>\nUyar\u0131m genellikle adet d\u00f6ng\u00fcs\u00fcn\u00fcn 2. veya 3. g\u00fcn\u00fcnde ba\u015flar. Hasta, yakla\u015f\u0131k 10\u201312 g\u00fcn boyunca g\u00fcnl\u00fck hormon enjeksiyonlar\u0131 al\u0131r ve d\u00fczenli ultrason ve kan testleri ile takip edilir.<\/p>\n\n\t\t<\/div>\n\t<\/div><\/div><\/div>\n<h5 class='dt-sc-toggle-accordion'><a href='#'>Ad\u0131m 3: Tetikleyici Enjeksiyon ve Yumurta Toplama<\/a><\/h5><div class=\"dt-sc-toggle-content\" style=\"display: none;\"><div class=\"block\"><div class=\"wpb_text_column wpb_content_element\" >\n\t\t<div class=\"wpb_wrapper\">\n\t\t\t<p>\nYumurtalar uygun boyuta ula\u015ft\u0131\u011f\u0131nda tetikleyici enjeksiyon yap\u0131l\u0131r. 36\u201348 saat sonra yumurtalar t\u0131bbi g\u00f6zetim alt\u0131nda toplan\u0131r. Ayn\u0131 g\u00fcn partnerden de sperm \u00f6rne\u011fi al\u0131n\u0131r.<\/p>\n\n\t\t<\/div>\n\t<\/div><\/div><\/div>\n<h5 class='dt-sc-toggle-accordion'><a href='#'>Ad\u0131m 4: D\u00f6llenme ve Embriyo Geli\u015fimi<\/a><\/h5><div class=\"dt-sc-toggle-content\" style=\"display: none;\"><div class=\"block\"><div class=\"wpb_text_column wpb_content_element\" >\n\t\t<div class=\"wpb_wrapper\">\n\t\t\t<p>\nYumurtalar laboratuvarda sperm ile d\u00f6llenir ve embriyolar optimal geli\u015fim i\u00e7in 5. g\u00fcne kadar k\u00fclt\u00fcrlenir.<\/p>\n\n\t\t<\/div>\n\t<\/div><\/div><\/div>\n<h5 class='dt-sc-toggle-accordion'><a href='#'>Ad\u0131m 5: Embriyo Biyopsisi ve NGS Testi<\/a><\/h5><div class=\"dt-sc-toggle-content\" style=\"display: none;\"><div class=\"block\"><div class=\"wpb_text_column wpb_content_element\" >\n\t\t<div class=\"wpb_wrapper\">\n\t\t\t<p>\n5.\tg\u00fcnde, embriyolardan birka\u00e7 h\u00fccre dikkatlice al\u0131n\u0131r ve NGS testi i\u00e7in g\u00f6nderilir. Geleneksel PGD\/PGT y\u00f6ntemlerinden farkl\u0131 olarak, NGS sonu\u00e7lar\u0131 i\u00e7in 2\u20133 hafta gereklidir.<\/p>\n\n\t\t<\/div>\n\t<\/div><\/div><\/div>\n<h5 class='dt-sc-toggle-accordion'><a href='#'>Ad\u0131m 6: Kapsaml\u0131 Kromozom Taramas\u0131<\/a><\/h5><div class=\"dt-sc-toggle-content\" style=\"display: none;\"><div class=\"block\"><div class=\"wpb_text_column wpb_content_element\" >\n\t\t<div class=\"wpb_wrapper\">\n\t\t\t<p>\nNGS, t\u00fcm 46 kromozomu say\u0131 ve yap\u0131sal anormallikler a\u00e7\u0131s\u0131ndan analiz eder. Down, Edwards ve Patau sendromlar\u0131 gibi yayg\u0131n durumlarla ili\u015fkili olan 13, 18, 21, X ve Y kromozomlar\u0131na \u00f6zel \u00f6nem verilir.<\/p>\n\n\t\t<\/div>\n\t<\/div><\/div><\/div>\n<h5 class='dt-sc-toggle-accordion'><a href='#'>Ad\u0131m 7: Embriyo Dondurma<\/a><\/h5><div class=\"dt-sc-toggle-content\" style=\"display: none;\"><div class=\"block\"><div class=\"wpb_text_column wpb_content_element\" >\n\t\t<div class=\"wpb_wrapper\">\n\t\t\t<p>\nNGS sonu\u00e7lar\u0131 zaman ald\u0131\u011f\u0131ndan, embriyolar biyopsi sonras\u0131 dondurulur ve sonu\u00e7lar haz\u0131r olana kadar g\u00fcvenli bir \u015fekilde saklan\u0131r.<\/p>\n\n\t\t<\/div>\n\t<\/div><\/div><\/div>\n<h5 class='dt-sc-toggle-accordion'><a href='#'>Ad\u0131m 8: Embriyo Transferi<\/a><\/h5><div class=\"dt-sc-toggle-content\" style=\"display: none;\"><div class=\"block\"><div class=\"wpb_text_column wpb_content_element\" >\n\t\t<div class=\"wpb_wrapper\">\n\t\t\t<p>\nSonraki d\u00f6ng\u00fcde, NGS sonu\u00e7lar\u0131 haz\u0131r oldu\u011funda yaln\u0131zca sa\u011fl\u0131kl\u0131 embriyolar se\u00e7ilir ve rahme transfer edilir. Endometriyum, destekleyici ila\u00e7larla haz\u0131rlan\u0131r.<\/p>\n\n\t\t<\/div>\n\t<\/div><\/div><\/div>\n<h5 class='dt-sc-toggle-accordion'><a href='#'>Ad\u0131m 9: Transfer Sonras\u0131 Bak\u0131m<\/a><\/h5><div class=\"dt-sc-toggle-content\" style=\"display: none;\"><div class=\"block\"><div class=\"wpb_text_column wpb_content_element\" >\n\t\t<div class=\"wpb_wrapper\">\n\t\t\t<p>\nHastaya dinlenmesi, a\u011f\u0131r kald\u0131rmaktan ka\u00e7\u0131nmas\u0131, dengeli beslenmesi ve re\u00e7ete edilen t\u00fcm destekleyici ila\u00e7lar\u0131 kullanmas\u0131 \u00f6nerilir.<\/p>\n\n\t\t<\/div>\n\t<\/div><\/div><\/div>\n<h5 class='dt-sc-toggle-accordion'><a href='#'>Ad\u0131m 10: Gebelik Testi<\/a><\/h5><div class=\"dt-sc-toggle-content\" style=\"display: none;\"><div class=\"block\"><div class=\"wpb_text_column wpb_content_element\" >\n\t\t<div class=\"wpb_wrapper\">\n\t\t\t<p>\nEmbriyo transferinden on iki g\u00fcn sonra gebeli\u011fi do\u011frulamak i\u00e7in kan testi yap\u0131l\u0131r.<\/p>\n\n\t\t<\/div>\n\t<\/div><\/div><\/div><\/div><\/div><\/div><\/div><\/div><div class=\"vc_row wpb_row vc_row-fluid\"><div class=\"wpb_column vc_column_container vc_col-sm-6\"><div class=\"vc_column-inner\" ><div class=\"wpb_wrapper\"><div class='dt-sc-icon-box type5'><div class=\"icon-wrapper\"><span class='fa fa-dna'> <\/span><\/div><div class=\"icon-content\"><h4>Neden T\u00fcp Bebek + NGS Se\u00e7ilmeli?<\/h4><p><p>NGS, mevcut en geli\u015fmi\u015f embriyo taramas\u0131n\u0131 sunar, ba\u015far\u0131 oranlar\u0131n\u0131 art\u0131r\u0131r ve genetik bozukluk riskini azalt\u0131r. \u00d6zellikle daha \u00f6nce ba\u015far\u0131s\u0131z t\u00fcp bebek denemeleri, tekrarlayan d\u00fc\u015f\u00fckler veya genetik kayg\u0131lar\u0131 olan \u00e7iftler i\u00e7in \u00f6nerilir.<\/p>\n<p><a href=\"#\">Learn More&#8230;<\/a><\/p><\/div><\/div><\/div><\/div><\/div><div class=\"wpb_column vc_column_container vc_col-sm-6\"><div class=\"vc_column-inner\" ><div class=\"wpb_wrapper\"><div class='dt-sc-icon-box type5 last'><div class=\"icon-wrapper\"><span class='fa fa-heartbeat'> <\/span><\/div><div class=\"icon-content\"><h4>Uzmanlar\u0131m\u0131zla Konu\u015fun<\/h4><p><p>Fertili\u0163e uzmanlar\u0131m\u0131z, t\u00fcp bebek + NGS s\u00fcrecinin her a\u015famas\u0131nda size rehberlik eder, ba\u015far\u0131 \u015fans\u0131n\u0131z\u0131 art\u0131rmak i\u00e7in ki\u015fiye \u00f6zel bak\u0131m ve destek sa\u011flar.<\/p>\n<p><a href=\"#\">Learn More&#8230;<\/a><\/p><\/div><\/div><\/div><\/div><\/div><\/div>\n<\/div>","protected":false},"excerpt":{"rendered":"IVF with NGS (Next Generation Sequencing) \u2013 Step by Step Main Steps of IVF + NGS: Comprehensive tests for both partners Ovarian stimulation with hormone injections Egg retrieval and sperm [...]","protected":false},"author":1,"featured_media":0,"parent":0,"menu_order":0,"comment_status":"closed","ping_status":"closed","template":"","meta":{"footnotes":""},"class_list":["post-9975","page","type-page","status-publish","hentry"],"_links":{"self":[{"href":"https:\/\/kindofhealth.com\/tr\/wp-json\/wp\/v2\/pages\/9975","targetHints":{"allow":["GET"]}}],"collection":[{"href":"https:\/\/kindofhealth.com\/tr\/wp-json\/wp\/v2\/pages"}],"about":[{"href":"https:\/\/kindofhealth.com\/tr\/wp-json\/wp\/v2\/types\/page"}],"author":[{"embeddable":true,"href":"https:\/\/kindofhealth.com\/tr\/wp-json\/wp\/v2\/users\/1"}],"replies":[{"embeddable":true,"href":"https:\/\/kindofhealth.com\/tr\/wp-json\/wp\/v2\/comments?post=9975"}],"version-history":[{"count":1,"href":"https:\/\/kindofhealth.com\/tr\/wp-json\/wp\/v2\/pages\/9975\/revisions"}],"predecessor-version":[{"id":9976,"href":"https:\/\/kindofhealth.com\/tr\/wp-json\/wp\/v2\/pages\/9975\/revisions\/9976"}],"wp:attachment":[{"href":"https:\/\/kindofhealth.com\/tr\/wp-json\/wp\/v2\/media?parent=9975"}],"curies":[{"name":"wp","href":"https:\/\/api.w.org\/{rel}","templated":true}]}}