{"id":9999,"date":"2025-09-01T21:40:51","date_gmt":"2025-09-01T21:40:51","guid":{"rendered":"https:\/\/kindofhealth.com\/?page_id=9999"},"modified":"2025-09-02T07:26:41","modified_gmt":"2025-09-02T07:26:41","slug":"ivf-with-embryo-donation","status":"publish","type":"page","link":"https:\/\/kindofhealth.com\/tr\/ivf-with-embryo-donation\/","title":{"rendered":"Embriyo Donasyonu ile Ivf"},"content":{"rendered":"<div class=\"wpb-content-wrapper\"><div class=\"vc_row wpb_row vc_row-fluid\"><div class=\"wpb_column vc_column_container vc_col-sm-12\"><div class=\"vc_column-inner\" ><div class=\"wpb_wrapper\"><div class=\"dt-sc-title  title-left  sep-bottom dt-sc-simple-title\"><h2>Embriyo Donasyonu ile Ivf<\/h2><\/div><ul class='dt-sc-fancy-list   circle-bullet'>\n<li>Failure of several previous IVF cycles<\/li>\n<li>Premature ovarian failure or absence of eggs in the wife<\/li>\n<li>Genetic or medical conditions preventing use of wife\u2019s eggs or husband\u2019s sperm<\/li>\n<\/ul><div class=\"vc_empty_space\"   style=\"height: 40px\"><span class=\"vc_empty_space_inner\"><\/span><\/div>\n<div class=\"dt-sc-title  title-left  sep-bottom dt-sc-simple-title\"><h2>Embryo Source<\/h2><\/div><ul class='dt-sc-fancy-list   circle-bullet'>\n<li>Sperm is not obtained locally from the husband in these cases. Instead, samples are used from certified international sperm banks (World Sperm Banks).<\/li>\n<li>Donated embryos are pre-stored and selected according to strict health and quality standards.<\/li>\n<\/ul><div class=\"vc_empty_space\"   style=\"height: 40px\"><span class=\"vc_empty_space_inner\"><\/span><\/div>\n<div class=\"dt-sc-title  title-left  sep-bottom dt-sc-simple-title\"><h2>Recipient Preparation<\/h2><\/div><ul class='dt-sc-fancy-list   circle-bullet'>\n<li>The wife (recipient) begins treatment with oral medications only (hormonal tablets) to strengthen and prepare the endometrium for embryo transfer.<\/li>\n<li>Common medications include:<\/li>\n<ul class='dt-sc-fancy-list   circle-bullet'>\n<li>Estrofem \u2013 stimulates endometrial growth<\/li>\n<li>Folic Acid \u2013 supports pregnancy health<\/li>\n<li>Coraspin \u2013 improves uterine blood circulation<\/li>\n<\/ul>\n<li>No ovarian stimulation injections are used, as eggs come from the donor.<\/li>\n<\/ul><div class=\"vc_empty_space\"   style=\"height: 40px\"><span class=\"vc_empty_space_inner\"><\/span><\/div>\n<div class='dt-sc-toggle-frame-set dt-sc-circle-listed'><h5 class='dt-sc-toggle-accordion'><a href='#'>Step 1: Preparing the Endometrium<\/a><\/h5><div class=\"dt-sc-toggle-content\" style=\"display: none;\"><div class=\"block\"><div class=\"wpb_text_column wpb_content_element\" >\n\t\t<div class=\"wpb_wrapper\">\n\t\t\t<p>\nThe recipient\u2019s endometrium is prepared with the appropriate medications to be ready for embryo transfer.<\/p>\n\n\t\t<\/div>\n\t<\/div><\/div><\/div>\n<h5 class='dt-sc-toggle-accordion'><a href='#'>Step 2: Selecting Donor Embryos<\/a><\/h5><div class=\"dt-sc-toggle-content\" style=\"display: none;\"><div class=\"block\"><div class=\"wpb_text_column wpb_content_element\" >\n\t\t<div class=\"wpb_wrapper\">\n\t\t\t<p>\nDonor embryos are selected to match the recipient in terms of blood type and required medical tests.<\/p>\n\n\t\t<\/div>\n\t<\/div><\/div><\/div>\n<h5 class='dt-sc-toggle-accordion'><a href='#'>Step 3: Embryo Transfer<\/a><\/h5><div class=\"dt-sc-toggle-content\" style=\"display: none;\"><div class=\"block\"><div class=\"wpb_text_column wpb_content_element\" >\n\t\t<div class=\"wpb_wrapper\">\n\t\t\t<p>\nEmbryos are transferred into the uterus at the optimal time under medical supervision.<\/p>\n\n\t\t<\/div>\n\t<\/div><\/div><\/div>\n<h5 class='dt-sc-toggle-accordion'><a href='#'>Step 4: Post-Transfer Care<\/a><\/h5><div class=\"dt-sc-toggle-content\" style=\"display: none;\"><div class=\"block\"><div class=\"wpb_text_column wpb_content_element\" >\n\t\t<div class=\"wpb_wrapper\">\n\t\t\t<p>\nThe recipient should rest, avoid heavy lifting, take prescribed medications, and maintain a healthy diet.<\/p>\n\n\t\t<\/div>\n\t<\/div><\/div><\/div>\n<h5 class='dt-sc-toggle-accordion'><a href='#'>Step 5: Pregnancy Test<\/a><\/h5><div class=\"dt-sc-toggle-content\" style=\"display: none;\"><div class=\"block\"><div class=\"wpb_text_column wpb_content_element\" >\n\t\t<div class=\"wpb_wrapper\">\n\t\t\t<p>\nTwelve days after embryo transfer, a pregnancy test is performed to confirm the success of the procedure.<\/p>\n\n\t\t<\/div>\n\t<\/div><\/div><\/div><\/div><\/div><\/div><\/div><\/div><div class=\"vc_row wpb_row vc_row-fluid\"><div class=\"wpb_column vc_column_container vc_col-sm-6\"><div class=\"vc_column-inner\" ><div class=\"wpb_wrapper\"><div class='dt-sc-icon-box type5'><div class=\"icon-wrapper\"><span class='fa fa-question'> <\/span><\/div><div class=\"icon-content\"><h4>Is Embryo Donation Right for Me?<\/h4><p><p>Our specialists provide personalized guidance to help you understand if embryo donation is the right solution for your fertility journey. Every case is carefully evaluated.<\/p>\n<p><a href=\"#\">Learn More&#8230;<\/a><\/p><\/div><\/div><\/div><\/div><\/div><div class=\"wpb_column vc_column_container vc_col-sm-6\"><div class=\"vc_column-inner\" ><div class=\"wpb_wrapper\"><div class='dt-sc-icon-box type5 last'><div class=\"icon-wrapper\"><span class='fa fa-female'> <\/span><\/div><div class=\"icon-content\"><h4>T\u00fcp Bebek Uzmanlar\u0131m\u0131zla Konu\u015fun<\/h4><p><p>For professional advice on embryo donation and fertility care, book a consultation with our medical team. We support you at every step of your parenthood journey.<\/p>\n<p><a href=\"#\">Learn More&#8230;<\/a><\/p><\/div><\/div><\/div><\/div><\/div><\/div>\n<\/div>","protected":false},"excerpt":{"rendered":"IVF with Embryo Donation Failure of several previous IVF cycles Premature ovarian failure or absence of eggs in the wife Genetic or medical conditions preventing use of wife\u2019s eggs or [...]","protected":false},"author":1,"featured_media":0,"parent":0,"menu_order":0,"comment_status":"closed","ping_status":"closed","template":"","meta":{"footnotes":""},"class_list":["post-9999","page","type-page","status-publish","hentry"],"_links":{"self":[{"href":"https:\/\/kindofhealth.com\/tr\/wp-json\/wp\/v2\/pages\/9999","targetHints":{"allow":["GET"]}}],"collection":[{"href":"https:\/\/kindofhealth.com\/tr\/wp-json\/wp\/v2\/pages"}],"about":[{"href":"https:\/\/kindofhealth.com\/tr\/wp-json\/wp\/v2\/types\/page"}],"author":[{"embeddable":true,"href":"https:\/\/kindofhealth.com\/tr\/wp-json\/wp\/v2\/users\/1"}],"replies":[{"embeddable":true,"href":"https:\/\/kindofhealth.com\/tr\/wp-json\/wp\/v2\/comments?post=9999"}],"version-history":[{"count":5,"href":"https:\/\/kindofhealth.com\/tr\/wp-json\/wp\/v2\/pages\/9999\/revisions"}],"predecessor-version":[{"id":10008,"href":"https:\/\/kindofhealth.com\/tr\/wp-json\/wp\/v2\/pages\/9999\/revisions\/10008"}],"wp:attachment":[{"href":"https:\/\/kindofhealth.com\/tr\/wp-json\/wp\/v2\/media?parent=9999"}],"curies":[{"name":"wp","href":"https:\/\/api.w.org\/{rel}","templated":true}]}}